{"id":1520,"date":"2020-08-26T20:32:53","date_gmt":"2020-08-26T23:32:53","guid":{"rendered":"http:\/\/boutiqueeventos.com.br\/site\/?page_id=1520"},"modified":"2020-08-27T22:14:32","modified_gmt":"2020-08-28T01:14:32","slug":"regras-de-uso","status":"publish","type":"page","link":"https:\/\/boutiqueeventos.com.br\/site\/regras-de-uso\/","title":{"rendered":"REGRAS DE USO"},"content":{"rendered":"<p>[vc_row css_animation=&#8221;&#8221; row_type=&#8221;row&#8221; use_row_as_full_screen_section=&#8221;no&#8221; type=&#8221;grid&#8221; angled_section=&#8221;no&#8221; text_align=&#8221;left&#8221; background_image_as_pattern=&#8221;without_pattern&#8221; z_index=&#8221;&#8221;][vc_column][vc_empty_space height=&#8221;82px&#8221;][vc_column_text]<\/p>\n<h2><strong>Conhe\u00e7a as Regras de Uso<\/strong><\/h2>\n<p>Todo material locado e n\u00e3o devolvido no prazo acordado ser\u00e1 cobrada loca\u00e7\u00e3o extra di\u00e1ria.<\/p>\n<p>Ap\u00f3s a entrega do material, \u00e9 de inteira responsabilidade do contratante a preserva\u00e7\u00e3o e seguran\u00e7a do mesmo no local do evento.<\/p>\n<p><strong>Ser\u00e1 cobrado reposi\u00e7\u00e3o quando:<\/strong><\/p>\n<p>O material for extraviado;<\/p>\n<p>O material locado for devolvido com danos como: quebrado, rasgado, queimado, arranhado, manchado de velas, canetas, pulseiras de neon, confetes, serpentinas, entre outros;<\/p>\n<p>Vidros, cer\u00e2micas e espelhos quebrados ou lascados;<\/p>\n<p>O material ficar exposto a m\u00e1 condi\u00e7\u00f5es clim\u00e1ticas: como chuva, exposi\u00e7\u00e3o excessiva ao sol, alagamentos, etc.[\/vc_column_text][vc_empty_space height=&#8221;82px&#8221;][\/vc_column][\/vc_row]<\/p>\n","protected":false},"excerpt":{"rendered":"<p>[vc_row css_animation=&#8221;&#8221; row_type=&#8221;row&#8221; use_row_as_full_screen_section=&#8221;no&#8221; type=&#8221;grid&#8221; angled_section=&#8221;no&#8221; text_align=&#8221;left&#8221; background_image_as_pattern=&#8221;without_pattern&#8221; z_index=&#8221;&#8221;][vc_column][vc_empty_space height=&#8221;82px&#8221;][vc_column_text] Conhe\u00e7a as Regras de Uso Todo material locado e n\u00e3o devolvido no prazo acordado ser\u00e1 cobrada loca\u00e7\u00e3o extra di\u00e1ria. Ap\u00f3s a entrega do material, \u00e9 de inteira responsabilidade do contratante a preserva\u00e7\u00e3o e seguran\u00e7a do&#8230;<\/p>\n","protected":false},"author":1,"featured_media":0,"parent":0,"menu_order":0,"comment_status":"closed","ping_status":"closed","template":"full_width.php","meta":{"footnotes":""},"_links":{"self":[{"href":"https:\/\/boutiqueeventos.com.br\/site\/wp-json\/wp\/v2\/pages\/1520"}],"collection":[{"href":"https:\/\/boutiqueeventos.com.br\/site\/wp-json\/wp\/v2\/pages"}],"about":[{"href":"https:\/\/boutiqueeventos.com.br\/site\/wp-json\/wp\/v2\/types\/page"}],"author":[{"embeddable":true,"href":"https:\/\/boutiqueeventos.com.br\/site\/wp-json\/wp\/v2\/users\/1"}],"replies":[{"embeddable":true,"href":"https:\/\/boutiqueeventos.com.br\/site\/wp-json\/wp\/v2\/comments?post=1520"}],"version-history":[{"count":3,"href":"https:\/\/boutiqueeventos.com.br\/site\/wp-json\/wp\/v2\/pages\/1520\/revisions"}],"predecessor-version":[{"id":1523,"href":"https:\/\/boutiqueeventos.com.br\/site\/wp-json\/wp\/v2\/pages\/1520\/revisions\/1523"}],"wp:attachment":[{"href":"https:\/\/boutiqueeventos.com.br\/site\/wp-json\/wp\/v2\/media?parent=1520"}],"curies":[{"name":"wp","href":"https:\/\/api.w.org\/{rel}","templated":true}]}}