{"id":1319,"date":"2017-05-31T17:21:02","date_gmt":"2017-05-31T20:21:02","guid":{"rendered":"https:\/\/boutiqueeventos.com.br\/site\/index.php\/produto\/mesa-de-centro-madeira-demolicao-100-x-080cm\/"},"modified":"2021-02-08T14:16:35","modified_gmt":"2021-02-08T17:16:35","slug":"mesa-de-centro-madeira-demolicao-100-x-080cm","status":"publish","type":"product","link":"https:\/\/boutiqueeventos.com.br\/site\/produto\/mesa-de-centro-madeira-demolicao-100-x-080cm\/","title":{"rendered":"Mesa de centro em madeira demoli\u00e7\u00e3o &#8211; REF 72594"},"content":{"rendered":"<p>Mesa de centro em madeira demoli\u00e7\u00e3o &#8211;<\/p>\n<p>REF 72594<\/p>\n<p>Medidas :\u00a0 1,00 x 0,80 x 0,45 (comprimento x largura x altura)<\/p>\n<p>Material: Madeira de demoli\u00e7\u00e3o<\/p>\n<p>&nbsp;<\/p>\n","protected":false},"excerpt":{"rendered":"<p>Mesa de centro em madeira demoli\u00e7\u00e3o &#8211; REF 72594 Medidas :\u00a0 1,00 x 0,80 x 0,45 (comprimento x largura x altura) Material: Madeira de demoli\u00e7\u00e3o &nbsp;<\/p>\n","protected":false},"featured_media":1660,"comment_status":"open","ping_status":"closed","template":"","meta":[],"product_cat":[141,126],"product_tag":[],"_links":{"self":[{"href":"https:\/\/boutiqueeventos.com.br\/site\/wp-json\/wp\/v2\/product\/1319"}],"collection":[{"href":"https:\/\/boutiqueeventos.com.br\/site\/wp-json\/wp\/v2\/product"}],"about":[{"href":"https:\/\/boutiqueeventos.com.br\/site\/wp-json\/wp\/v2\/types\/product"}],"replies":[{"embeddable":true,"href":"https:\/\/boutiqueeventos.com.br\/site\/wp-json\/wp\/v2\/comments?post=1319"}],"wp:featuredmedia":[{"embeddable":true,"href":"https:\/\/boutiqueeventos.com.br\/site\/wp-json\/wp\/v2\/media\/1660"}],"wp:attachment":[{"href":"https:\/\/boutiqueeventos.com.br\/site\/wp-json\/wp\/v2\/media?parent=1319"}],"wp:term":[{"taxonomy":"product_cat","embeddable":true,"href":"https:\/\/boutiqueeventos.com.br\/site\/wp-json\/wp\/v2\/product_cat?post=1319"},{"taxonomy":"product_tag","embeddable":true,"href":"https:\/\/boutiqueeventos.com.br\/site\/wp-json\/wp\/v2\/product_tag?post=1319"}],"curies":[{"name":"wp","href":"https:\/\/api.w.org\/{rel}","templated":true}]}}