{"id":1329,"date":"2017-05-31T17:28:22","date_gmt":"2017-05-31T20:28:22","guid":{"rendered":"https:\/\/boutiqueeventos.com.br\/site\/index.php\/produto\/mesa-tamborete-med-060-diametro-x060-alt-tampo-de-espelho\/"},"modified":"2021-02-08T16:58:09","modified_gmt":"2021-02-08T19:58:09","slug":"mesa-tamborete-med-060-diametro-x060-alt-tampo-de-espelho","status":"publish","type":"product","link":"https:\/\/boutiqueeventos.com.br\/site\/produto\/mesa-tamborete-med-060-diametro-x060-alt-tampo-de-espelho\/","title":{"rendered":"MESA TAMBORETE TAMPO DE ESPELHO 60x60cm  &#8211; REF 185"},"content":{"rendered":"<p>Mesa tamborete tampo em espelho<\/p>\n<p>REF: 185<\/p>\n<p>Medidas : 0,60X0,60 (di\u00e2metro x altura)<\/p>\n<p>Material : estrutura em madeira forrada com tecido e tampo em espelho<\/p>\n<p>OBS:<\/p>\n<ul>\n<li>Poder\u00e1 ser forrada em qualquer cor ou tecido (consultar or\u00e7amento)<\/li>\n<\/ul>\n","protected":false},"excerpt":{"rendered":"<p>Mesa tamborete tampo em espelho REF: 185 Medidas : 0,60X0,60 (di\u00e2metro x altura) Material : estrutura em madeira forrada com tecido e tampo em espelho OBS: Poder\u00e1 ser forrada em qualquer cor ou tecido (consultar or\u00e7amento)<\/p>\n","protected":false},"featured_media":5819,"comment_status":"open","ping_status":"closed","template":"","meta":[],"product_cat":[141,126],"product_tag":[],"_links":{"self":[{"href":"https:\/\/boutiqueeventos.com.br\/site\/wp-json\/wp\/v2\/product\/1329"}],"collection":[{"href":"https:\/\/boutiqueeventos.com.br\/site\/wp-json\/wp\/v2\/product"}],"about":[{"href":"https:\/\/boutiqueeventos.com.br\/site\/wp-json\/wp\/v2\/types\/product"}],"replies":[{"embeddable":true,"href":"https:\/\/boutiqueeventos.com.br\/site\/wp-json\/wp\/v2\/comments?post=1329"}],"wp:featuredmedia":[{"embeddable":true,"href":"https:\/\/boutiqueeventos.com.br\/site\/wp-json\/wp\/v2\/media\/5819"}],"wp:attachment":[{"href":"https:\/\/boutiqueeventos.com.br\/site\/wp-json\/wp\/v2\/media?parent=1329"}],"wp:term":[{"taxonomy":"product_cat","embeddable":true,"href":"https:\/\/boutiqueeventos.com.br\/site\/wp-json\/wp\/v2\/product_cat?post=1329"},{"taxonomy":"product_tag","embeddable":true,"href":"https:\/\/boutiqueeventos.com.br\/site\/wp-json\/wp\/v2\/product_tag?post=1329"}],"curies":[{"name":"wp","href":"https:\/\/api.w.org\/{rel}","templated":true}]}}