{"id":1340,"date":"2017-05-31T17:39:36","date_gmt":"2017-05-31T20:39:36","guid":{"rendered":"https:\/\/boutiqueeventos.com.br\/site\/index.php\/produto\/mesa-de-centro-luis-xv-130x080x055\/"},"modified":"2021-02-08T11:23:01","modified_gmt":"2021-02-08T14:23:01","slug":"mesa-de-centro-luis-xv-130x080x055","status":"publish","type":"product","link":"https:\/\/boutiqueeventos.com.br\/site\/produto\/mesa-de-centro-luis-xv-130x080x055\/","title":{"rendered":"Mesa de centro Luis XV em madeira demoli\u00e7\u00e3o &#8211; REF 259053"},"content":{"rendered":"<p>Mesa de centro Luis XV em madeira demoli\u00e7\u00e3o<\/p>\n<p>REF 259053<\/p>\n<p>Medidas: 1,30X0,80X0,55<\/p>\n<p>Material: Madeira de demoli\u00e7\u00e3o clara<\/p>\n","protected":false},"excerpt":{"rendered":"<p>Mesa de centro Luis XV em madeira demoli\u00e7\u00e3o REF 259053 Medidas: 1,30X0,80X0,55 Material: Madeira de demoli\u00e7\u00e3o clara<\/p>\n","protected":false},"featured_media":5783,"comment_status":"open","ping_status":"closed","template":"","meta":[],"product_cat":[141,126],"product_tag":[],"_links":{"self":[{"href":"https:\/\/boutiqueeventos.com.br\/site\/wp-json\/wp\/v2\/product\/1340"}],"collection":[{"href":"https:\/\/boutiqueeventos.com.br\/site\/wp-json\/wp\/v2\/product"}],"about":[{"href":"https:\/\/boutiqueeventos.com.br\/site\/wp-json\/wp\/v2\/types\/product"}],"replies":[{"embeddable":true,"href":"https:\/\/boutiqueeventos.com.br\/site\/wp-json\/wp\/v2\/comments?post=1340"}],"wp:featuredmedia":[{"embeddable":true,"href":"https:\/\/boutiqueeventos.com.br\/site\/wp-json\/wp\/v2\/media\/5783"}],"wp:attachment":[{"href":"https:\/\/boutiqueeventos.com.br\/site\/wp-json\/wp\/v2\/media?parent=1340"}],"wp:term":[{"taxonomy":"product_cat","embeddable":true,"href":"https:\/\/boutiqueeventos.com.br\/site\/wp-json\/wp\/v2\/product_cat?post=1340"},{"taxonomy":"product_tag","embeddable":true,"href":"https:\/\/boutiqueeventos.com.br\/site\/wp-json\/wp\/v2\/product_tag?post=1340"}],"curies":[{"name":"wp","href":"https:\/\/api.w.org\/{rel}","templated":true}]}}