{"id":2739,"date":"2017-06-01T13:27:15","date_gmt":"2017-06-01T16:27:15","guid":{"rendered":"https:\/\/boutiqueeventos.com.br\/site\/index.php\/produto\/puff-redondo-pequeno\/"},"modified":"2021-02-22T12:26:16","modified_gmt":"2021-02-22T15:26:16","slug":"puff-redondo-pequeno","status":"publish","type":"product","link":"https:\/\/boutiqueeventos.com.br\/site\/produto\/puff-redondo-pequeno\/","title":{"rendered":"Puff redondo 50cm di\u00e2metro cores variadas &#8211; REF 89034"},"content":{"rendered":"<p>Puff redondo 50cm di\u00e2metro cores variadas &#8211;<\/p>\n<p>REF 89034<\/p>\n<p>Medidas: 0,50 x 0,45 (di\u00e2metro x altura)<\/p>\n<p>Material: puff estruturado em madeira, revestido com espuma e capa em tecido.<\/p>\n<p>OBS: Dispon\u00edveis nas cores branco, preto, verde lim\u00e3o, vermelho, laranja, pink, roxo e etc..<\/p>\n","protected":false},"excerpt":{"rendered":"<p>Puff redondo 50cm di\u00e2metro cores variadas &#8211; REF 89034 Medidas: 0,50 x 0,45 (di\u00e2metro x altura) Material: puff estruturado em madeira, revestido com espuma e capa em tecido. OBS: Dispon\u00edveis nas cores branco, preto, verde lim\u00e3o, vermelho, laranja, pink, roxo e etc..<\/p>\n","protected":false},"featured_media":5950,"comment_status":"open","ping_status":"closed","template":"","meta":[],"product_cat":[126,146],"product_tag":[],"_links":{"self":[{"href":"https:\/\/boutiqueeventos.com.br\/site\/wp-json\/wp\/v2\/product\/2739"}],"collection":[{"href":"https:\/\/boutiqueeventos.com.br\/site\/wp-json\/wp\/v2\/product"}],"about":[{"href":"https:\/\/boutiqueeventos.com.br\/site\/wp-json\/wp\/v2\/types\/product"}],"replies":[{"embeddable":true,"href":"https:\/\/boutiqueeventos.com.br\/site\/wp-json\/wp\/v2\/comments?post=2739"}],"wp:featuredmedia":[{"embeddable":true,"href":"https:\/\/boutiqueeventos.com.br\/site\/wp-json\/wp\/v2\/media\/5950"}],"wp:attachment":[{"href":"https:\/\/boutiqueeventos.com.br\/site\/wp-json\/wp\/v2\/media?parent=2739"}],"wp:term":[{"taxonomy":"product_cat","embeddable":true,"href":"https:\/\/boutiqueeventos.com.br\/site\/wp-json\/wp\/v2\/product_cat?post=2739"},{"taxonomy":"product_tag","embeddable":true,"href":"https:\/\/boutiqueeventos.com.br\/site\/wp-json\/wp\/v2\/product_tag?post=2739"}],"curies":[{"name":"wp","href":"https:\/\/api.w.org\/{rel}","templated":true}]}}