{"id":2741,"date":"2017-06-01T13:30:20","date_gmt":"2017-06-01T16:30:20","guid":{"rendered":"https:\/\/boutiqueeventos.com.br\/site\/index.php\/produto\/puff-redondo-de-100m\/"},"modified":"2024-05-10T15:24:20","modified_gmt":"2024-05-10T18:24:20","slug":"puff-redondo-de-100cm","status":"publish","type":"product","link":"https:\/\/boutiqueeventos.com.br\/site\/produto\/puff-redondo-de-100cm\/","title":{"rendered":"Puff redondo 100cm di\u00e2metro cores variadas &#8211; REF 88386"},"content":{"rendered":"<p>Puff redondo 1,00cm di\u00e2metro cores variadas &#8211;<\/p>\n<p>REF 88386<\/p>\n<p>Medidas: 100 x 45cm (di\u00e2metro x altura)<\/p>\n<p>Material: puff estruturado em madeira, revestido com espuma e capa em tecido.<\/p>\n<p>OBS: Dispon\u00edveis nas cores branco, preto, verde lim\u00e3o, vermelho, laranja, pink, roxo e etc..<\/p>\n","protected":false},"excerpt":{"rendered":"<p>Puff redondo 1,00cm di\u00e2metro cores variadas &#8211; REF 88386 Medidas: 100 x 45cm (di\u00e2metro x altura) Material: puff estruturado em madeira, revestido com espuma e capa em tecido. OBS: Dispon\u00edveis nas cores branco, preto, verde lim\u00e3o, vermelho, laranja, pink, roxo e etc..<\/p>\n","protected":false},"featured_media":5939,"comment_status":"open","ping_status":"closed","template":"","meta":[],"product_cat":[126,146],"product_tag":[],"_links":{"self":[{"href":"https:\/\/boutiqueeventos.com.br\/site\/wp-json\/wp\/v2\/product\/2741"}],"collection":[{"href":"https:\/\/boutiqueeventos.com.br\/site\/wp-json\/wp\/v2\/product"}],"about":[{"href":"https:\/\/boutiqueeventos.com.br\/site\/wp-json\/wp\/v2\/types\/product"}],"replies":[{"embeddable":true,"href":"https:\/\/boutiqueeventos.com.br\/site\/wp-json\/wp\/v2\/comments?post=2741"}],"wp:featuredmedia":[{"embeddable":true,"href":"https:\/\/boutiqueeventos.com.br\/site\/wp-json\/wp\/v2\/media\/5939"}],"wp:attachment":[{"href":"https:\/\/boutiqueeventos.com.br\/site\/wp-json\/wp\/v2\/media?parent=2741"}],"wp:term":[{"taxonomy":"product_cat","embeddable":true,"href":"https:\/\/boutiqueeventos.com.br\/site\/wp-json\/wp\/v2\/product_cat?post=2741"},{"taxonomy":"product_tag","embeddable":true,"href":"https:\/\/boutiqueeventos.com.br\/site\/wp-json\/wp\/v2\/product_tag?post=2741"}],"curies":[{"name":"wp","href":"https:\/\/api.w.org\/{rel}","templated":true}]}}