{"id":2795,"date":"2017-06-01T15:12:29","date_gmt":"2017-06-01T18:12:29","guid":{"rendered":"https:\/\/boutiqueeventos.com.br\/site\/index.php\/produto\/anfora-grande-em-latao-ref-001\/"},"modified":"2021-04-27T11:18:15","modified_gmt":"2021-04-27T14:18:15","slug":"anfora-grande-em-latao-ref-001","status":"publish","type":"product","link":"https:\/\/boutiqueeventos.com.br\/site\/produto\/anfora-grande-em-latao-ref-001\/","title":{"rendered":"\u00c2nfora em lat\u00e3o oxidado Grande &#8211; REF 289513"},"content":{"rendered":"<p>\u00c2nfora em lat\u00e3o oxidado Grande &#8211;<\/p>\n<p>REF 289513<\/p>\n<p>Medidas: 65 x 55cm (altura x di\u00e2metro)<\/p>\n<p>Material: Metal<\/p>\n<p>Cor: Ferrugem<\/p>\n","protected":false},"excerpt":{"rendered":"<p>\u00c2nfora em lat\u00e3o oxidado Grande &#8211; REF 289513 Medidas: 65 x 55cm (altura x di\u00e2metro) Material: Metal Cor: Ferrugem<\/p>\n","protected":false},"featured_media":6960,"comment_status":"open","ping_status":"closed","template":"","meta":[],"product_cat":[157,176],"product_tag":[],"_links":{"self":[{"href":"https:\/\/boutiqueeventos.com.br\/site\/wp-json\/wp\/v2\/product\/2795"}],"collection":[{"href":"https:\/\/boutiqueeventos.com.br\/site\/wp-json\/wp\/v2\/product"}],"about":[{"href":"https:\/\/boutiqueeventos.com.br\/site\/wp-json\/wp\/v2\/types\/product"}],"replies":[{"embeddable":true,"href":"https:\/\/boutiqueeventos.com.br\/site\/wp-json\/wp\/v2\/comments?post=2795"}],"wp:featuredmedia":[{"embeddable":true,"href":"https:\/\/boutiqueeventos.com.br\/site\/wp-json\/wp\/v2\/media\/6960"}],"wp:attachment":[{"href":"https:\/\/boutiqueeventos.com.br\/site\/wp-json\/wp\/v2\/media?parent=2795"}],"wp:term":[{"taxonomy":"product_cat","embeddable":true,"href":"https:\/\/boutiqueeventos.com.br\/site\/wp-json\/wp\/v2\/product_cat?post=2795"},{"taxonomy":"product_tag","embeddable":true,"href":"https:\/\/boutiqueeventos.com.br\/site\/wp-json\/wp\/v2\/product_tag?post=2795"}],"curies":[{"name":"wp","href":"https:\/\/api.w.org\/{rel}","templated":true}]}}