{"id":2796,"date":"2017-06-01T15:15:30","date_gmt":"2017-06-01T18:15:30","guid":{"rendered":"https:\/\/boutiqueeventos.com.br\/site\/index.php\/produto\/anfora-media-em-latao-ref-002\/"},"modified":"2021-04-22T11:29:21","modified_gmt":"2021-04-22T14:29:21","slug":"anfora-media-em-latao-ref-002","status":"publish","type":"product","link":"https:\/\/boutiqueeventos.com.br\/site\/produto\/anfora-media-em-latao-ref-002\/","title":{"rendered":"\u00c2nfora em lat\u00e3o oxidado m\u00e9dia &#8211; REF 97116"},"content":{"rendered":"<p>\u00c2nfora em lat\u00e3o oxidado m\u00e9dia &#8211;<\/p>\n<p>REF 97116<\/p>\n<p>Medidas: 55 x 49cm (altura x di\u00e2metro)<\/p>\n<p>Material: Ferro<\/p>\n<p>Cor: ferrugem<\/p>\n<p>&nbsp;<\/p>\n","protected":false},"excerpt":{"rendered":"<p>\u00c2nfora em lat\u00e3o oxidado m\u00e9dia &#8211; REF 97116 Medidas: 55 x 49cm (altura x di\u00e2metro) Material: Ferro Cor: ferrugem &nbsp;<\/p>\n","protected":false},"featured_media":6337,"comment_status":"open","ping_status":"closed","template":"","meta":[],"product_cat":[157,176],"product_tag":[],"_links":{"self":[{"href":"https:\/\/boutiqueeventos.com.br\/site\/wp-json\/wp\/v2\/product\/2796"}],"collection":[{"href":"https:\/\/boutiqueeventos.com.br\/site\/wp-json\/wp\/v2\/product"}],"about":[{"href":"https:\/\/boutiqueeventos.com.br\/site\/wp-json\/wp\/v2\/types\/product"}],"replies":[{"embeddable":true,"href":"https:\/\/boutiqueeventos.com.br\/site\/wp-json\/wp\/v2\/comments?post=2796"}],"wp:featuredmedia":[{"embeddable":true,"href":"https:\/\/boutiqueeventos.com.br\/site\/wp-json\/wp\/v2\/media\/6337"}],"wp:attachment":[{"href":"https:\/\/boutiqueeventos.com.br\/site\/wp-json\/wp\/v2\/media?parent=2796"}],"wp:term":[{"taxonomy":"product_cat","embeddable":true,"href":"https:\/\/boutiqueeventos.com.br\/site\/wp-json\/wp\/v2\/product_cat?post=2796"},{"taxonomy":"product_tag","embeddable":true,"href":"https:\/\/boutiqueeventos.com.br\/site\/wp-json\/wp\/v2\/product_tag?post=2796"}],"curies":[{"name":"wp","href":"https:\/\/api.w.org\/{rel}","templated":true}]}}