{"id":2797,"date":"2017-06-01T15:17:22","date_gmt":"2017-06-01T18:17:22","guid":{"rendered":"https:\/\/boutiqueeventos.com.br\/site\/index.php\/produto\/anfora-pequena-em-latao-ref-003\/"},"modified":"2021-04-27T11:11:57","modified_gmt":"2021-04-27T14:11:57","slug":"anfora-pequena-em-latao-ref-003","status":"publish","type":"product","link":"https:\/\/boutiqueeventos.com.br\/site\/produto\/anfora-pequena-em-latao-ref-003\/","title":{"rendered":"ANFORA EM LAT\u00c3O OXIDADO PEQUENA &#8211; REF 289512"},"content":{"rendered":"<p>\u00c2nfora em lat\u00e3o oxidado Pequena &#8211;<\/p>\n<p>REF 289512<\/p>\n<p>Medidas: 45 x 40cm (altura x di\u00e2metro)<\/p>\n<p>Material: Metal<\/p>\n<p>Cor: Ferrugem<\/p>\n","protected":false},"excerpt":{"rendered":"<p>\u00c2nfora em lat\u00e3o oxidado Pequena &#8211; REF 289512 Medidas: 45 x 40cm (altura x di\u00e2metro) Material: Metal Cor: Ferrugem<\/p>\n","protected":false},"featured_media":6959,"comment_status":"open","ping_status":"closed","template":"","meta":[],"product_cat":[157,176],"product_tag":[],"_links":{"self":[{"href":"https:\/\/boutiqueeventos.com.br\/site\/wp-json\/wp\/v2\/product\/2797"}],"collection":[{"href":"https:\/\/boutiqueeventos.com.br\/site\/wp-json\/wp\/v2\/product"}],"about":[{"href":"https:\/\/boutiqueeventos.com.br\/site\/wp-json\/wp\/v2\/types\/product"}],"replies":[{"embeddable":true,"href":"https:\/\/boutiqueeventos.com.br\/site\/wp-json\/wp\/v2\/comments?post=2797"}],"wp:featuredmedia":[{"embeddable":true,"href":"https:\/\/boutiqueeventos.com.br\/site\/wp-json\/wp\/v2\/media\/6959"}],"wp:attachment":[{"href":"https:\/\/boutiqueeventos.com.br\/site\/wp-json\/wp\/v2\/media?parent=2797"}],"wp:term":[{"taxonomy":"product_cat","embeddable":true,"href":"https:\/\/boutiqueeventos.com.br\/site\/wp-json\/wp\/v2\/product_cat?post=2797"},{"taxonomy":"product_tag","embeddable":true,"href":"https:\/\/boutiqueeventos.com.br\/site\/wp-json\/wp\/v2\/product_tag?post=2797"}],"curies":[{"name":"wp","href":"https:\/\/api.w.org\/{rel}","templated":true}]}}