{"id":2823,"date":"2017-06-01T16:25:22","date_gmt":"2017-06-01T19:25:22","guid":{"rendered":"https:\/\/boutiqueeventos.com.br\/site\/index.php\/produto\/pedestal-ventura-02-argola-si031211-p\/"},"modified":"2021-04-12T11:33:02","modified_gmt":"2021-04-12T14:33:02","slug":"pedestal-ventura-02-argola-si031211-p","status":"publish","type":"product","link":"https:\/\/boutiqueeventos.com.br\/site\/produto\/pedestal-ventura-02-argola-si031211-p\/","title":{"rendered":"Suporte Ventura base dourada e vidro m\u00e9dio \u2013 REF 126990"},"content":{"rendered":"<p>Suporte Ventura base dourada e vidro m\u00e9dio<\/p>\n<p>REF: 126990<\/p>\n<p>MEDIDAS: 0,30 X 0,16 (ALTURA X LARGURA)<\/p>\n<p>MATERIAL: CER\u00c2MICA E VIDRO<\/p>\n<p>OBS: N\u00c3O ACOMPANHA VELAS<\/p>\n","protected":false},"excerpt":{"rendered":"<p>Suporte Ventura base dourada e vidro m\u00e9dio REF: 126990 MEDIDAS: 0,30 X 0,16 (ALTURA X LARGURA) MATERIAL: CER\u00c2MICA E VIDRO OBS: N\u00c3O ACOMPANHA VELAS<\/p>\n","protected":false},"featured_media":6445,"comment_status":"open","ping_status":"closed","template":"","meta":[],"product_cat":[160,127],"product_tag":[],"_links":{"self":[{"href":"https:\/\/boutiqueeventos.com.br\/site\/wp-json\/wp\/v2\/product\/2823"}],"collection":[{"href":"https:\/\/boutiqueeventos.com.br\/site\/wp-json\/wp\/v2\/product"}],"about":[{"href":"https:\/\/boutiqueeventos.com.br\/site\/wp-json\/wp\/v2\/types\/product"}],"replies":[{"embeddable":true,"href":"https:\/\/boutiqueeventos.com.br\/site\/wp-json\/wp\/v2\/comments?post=2823"}],"wp:featuredmedia":[{"embeddable":true,"href":"https:\/\/boutiqueeventos.com.br\/site\/wp-json\/wp\/v2\/media\/6445"}],"wp:attachment":[{"href":"https:\/\/boutiqueeventos.com.br\/site\/wp-json\/wp\/v2\/media?parent=2823"}],"wp:term":[{"taxonomy":"product_cat","embeddable":true,"href":"https:\/\/boutiqueeventos.com.br\/site\/wp-json\/wp\/v2\/product_cat?post=2823"},{"taxonomy":"product_tag","embeddable":true,"href":"https:\/\/boutiqueeventos.com.br\/site\/wp-json\/wp\/v2\/product_tag?post=2823"}],"curies":[{"name":"wp","href":"https:\/\/api.w.org\/{rel}","templated":true}]}}