{"id":2824,"date":"2017-06-01T16:25:23","date_gmt":"2017-06-01T19:25:23","guid":{"rendered":"https:\/\/boutiqueeventos.com.br\/site\/index.php\/produto\/castical-em-aluminio-chrome-100cm\/"},"modified":"2021-04-12T10:01:49","modified_gmt":"2021-04-12T13:01:49","slug":"castical-em-aluminio-chrome-100cm","status":"publish","type":"product","link":"https:\/\/boutiqueeventos.com.br\/site\/produto\/castical-em-aluminio-chrome-100cm\/","title":{"rendered":"CASTI\u00c7AL EM ALUM\u00cdNIO PRATA 05 PONTAS G &#8211; REF 283841"},"content":{"rendered":"<p>CASTI\u00c7AL EM ALUM\u00cdNIO\u00a0COM 05 PONTAS\u00a0 GRANDE<\/p>\n<p>REF 284<\/p>\n<p>MEDIDAS: 100 x 45 CM (ALTURA x LARGURA)<\/p>\n<p>MATERIAL: ALUM\u00cdNIO<\/p>\n<p>Cor: Prata<\/p>\n","protected":false},"excerpt":{"rendered":"<p>CASTI\u00c7AL EM ALUM\u00cdNIO\u00a0COM 05 PONTAS\u00a0 GRANDE REF 284 MEDIDAS: 100 x 45 CM (ALTURA x LARGURA) MATERIAL: ALUM\u00cdNIO Cor: Prata<\/p>\n","protected":false},"featured_media":6427,"comment_status":"open","ping_status":"closed","template":"","meta":[],"product_cat":[160,127],"product_tag":[],"_links":{"self":[{"href":"https:\/\/boutiqueeventos.com.br\/site\/wp-json\/wp\/v2\/product\/2824"}],"collection":[{"href":"https:\/\/boutiqueeventos.com.br\/site\/wp-json\/wp\/v2\/product"}],"about":[{"href":"https:\/\/boutiqueeventos.com.br\/site\/wp-json\/wp\/v2\/types\/product"}],"replies":[{"embeddable":true,"href":"https:\/\/boutiqueeventos.com.br\/site\/wp-json\/wp\/v2\/comments?post=2824"}],"wp:featuredmedia":[{"embeddable":true,"href":"https:\/\/boutiqueeventos.com.br\/site\/wp-json\/wp\/v2\/media\/6427"}],"wp:attachment":[{"href":"https:\/\/boutiqueeventos.com.br\/site\/wp-json\/wp\/v2\/media?parent=2824"}],"wp:term":[{"taxonomy":"product_cat","embeddable":true,"href":"https:\/\/boutiqueeventos.com.br\/site\/wp-json\/wp\/v2\/product_cat?post=2824"},{"taxonomy":"product_tag","embeddable":true,"href":"https:\/\/boutiqueeventos.com.br\/site\/wp-json\/wp\/v2\/product_tag?post=2824"}],"curies":[{"name":"wp","href":"https:\/\/api.w.org\/{rel}","templated":true}]}}