{"id":2830,"date":"2017-06-01T16:25:27","date_gmt":"2017-06-01T19:25:27","guid":{"rendered":"https:\/\/boutiqueeventos.com.br\/site\/index.php\/produto\/castical-de-ceramica-azul-040-altx018-larg\/"},"modified":"2021-04-09T15:51:33","modified_gmt":"2021-04-09T18:51:33","slug":"castical-de-ceramica-azul-040-altx018-larg","status":"publish","type":"product","link":"https:\/\/boutiqueeventos.com.br\/site\/produto\/castical-de-ceramica-azul-040-altx018-larg\/","title":{"rendered":"CASTI\u00c7AL CER\u00c2MICA AZUL P &#8211; REF 283832"},"content":{"rendered":"<p>CASTI\u00c7AL CER\u00c2MICA AZUL P<\/p>\n<p>REF: 283832<\/p>\n<p>MEDIDAS :<\/p>\n<ul>\n<li>40 x 07 CM (Altura x Largura)<\/li>\n<\/ul>\n","protected":false},"excerpt":{"rendered":"<p>CASTI\u00c7AL CER\u00c2MICA AZUL P REF: 283832 MEDIDAS : 40 x 07 CM (Altura x Largura)<\/p>\n","protected":false},"featured_media":6403,"comment_status":"open","ping_status":"closed","template":"","meta":[],"product_cat":[160,127],"product_tag":[],"_links":{"self":[{"href":"https:\/\/boutiqueeventos.com.br\/site\/wp-json\/wp\/v2\/product\/2830"}],"collection":[{"href":"https:\/\/boutiqueeventos.com.br\/site\/wp-json\/wp\/v2\/product"}],"about":[{"href":"https:\/\/boutiqueeventos.com.br\/site\/wp-json\/wp\/v2\/types\/product"}],"replies":[{"embeddable":true,"href":"https:\/\/boutiqueeventos.com.br\/site\/wp-json\/wp\/v2\/comments?post=2830"}],"wp:featuredmedia":[{"embeddable":true,"href":"https:\/\/boutiqueeventos.com.br\/site\/wp-json\/wp\/v2\/media\/6403"}],"wp:attachment":[{"href":"https:\/\/boutiqueeventos.com.br\/site\/wp-json\/wp\/v2\/media?parent=2830"}],"wp:term":[{"taxonomy":"product_cat","embeddable":true,"href":"https:\/\/boutiqueeventos.com.br\/site\/wp-json\/wp\/v2\/product_cat?post=2830"},{"taxonomy":"product_tag","embeddable":true,"href":"https:\/\/boutiqueeventos.com.br\/site\/wp-json\/wp\/v2\/product_tag?post=2830"}],"curies":[{"name":"wp","href":"https:\/\/api.w.org\/{rel}","templated":true}]}}