{"id":2834,"date":"2017-06-01T17:19:01","date_gmt":"2017-06-01T20:19:01","guid":{"rendered":"https:\/\/boutiqueeventos.com.br\/site\/index.php\/produto\/cachepot-de-ceramica-85114-branco-a-538\/"},"modified":"2021-04-19T09:13:36","modified_gmt":"2021-04-19T12:13:36","slug":"cachepot-de-ceramica-85114-branco-a-538","status":"publish","type":"product","link":"https:\/\/boutiqueeventos.com.br\/site\/produto\/cachepot-de-ceramica-85114-branco-a-538\/","title":{"rendered":"VASO CER\u00c2MICA BRANCO BRAS\u00c3O REDONDO G &#8211; REF 82003"},"content":{"rendered":"<p>VASO CER\u00c2MICA ARABESCO BRANCO REDONDO G<\/p>\n<p>REF: 82003<\/p>\n<p>Medidas: 24 x 24CM (altura x di\u00e2metro)<\/p>\n<p>Material: Cer\u00e2mica<\/p>\n<p>Cor: branco<\/p>\n","protected":false},"excerpt":{"rendered":"<p>VASO CER\u00c2MICA ARABESCO BRANCO REDONDO G REF: 82003 Medidas: 24 x 24CM (altura x di\u00e2metro) Material: Cer\u00e2mica Cor: branco<\/p>\n","protected":false},"featured_media":6561,"comment_status":"open","ping_status":"closed","template":"","meta":[],"product_cat":[158,176],"product_tag":[],"_links":{"self":[{"href":"https:\/\/boutiqueeventos.com.br\/site\/wp-json\/wp\/v2\/product\/2834"}],"collection":[{"href":"https:\/\/boutiqueeventos.com.br\/site\/wp-json\/wp\/v2\/product"}],"about":[{"href":"https:\/\/boutiqueeventos.com.br\/site\/wp-json\/wp\/v2\/types\/product"}],"replies":[{"embeddable":true,"href":"https:\/\/boutiqueeventos.com.br\/site\/wp-json\/wp\/v2\/comments?post=2834"}],"wp:featuredmedia":[{"embeddable":true,"href":"https:\/\/boutiqueeventos.com.br\/site\/wp-json\/wp\/v2\/media\/6561"}],"wp:attachment":[{"href":"https:\/\/boutiqueeventos.com.br\/site\/wp-json\/wp\/v2\/media?parent=2834"}],"wp:term":[{"taxonomy":"product_cat","embeddable":true,"href":"https:\/\/boutiqueeventos.com.br\/site\/wp-json\/wp\/v2\/product_cat?post=2834"},{"taxonomy":"product_tag","embeddable":true,"href":"https:\/\/boutiqueeventos.com.br\/site\/wp-json\/wp\/v2\/product_tag?post=2834"}],"curies":[{"name":"wp","href":"https:\/\/api.w.org\/{rel}","templated":true}]}}