{"id":2835,"date":"2017-06-01T17:19:04","date_gmt":"2017-06-01T20:19:04","guid":{"rendered":"https:\/\/boutiqueeventos.com.br\/site\/index.php\/produto\/cachepot-de-ceramica-jw10240-a-455\/"},"modified":"2021-04-19T09:40:48","modified_gmt":"2021-04-19T12:40:48","slug":"cachepot-de-ceramica-jw10240-a-455","status":"publish","type":"product","link":"https:\/\/boutiqueeventos.com.br\/site\/produto\/cachepot-de-ceramica-jw10240-a-455\/","title":{"rendered":"VASO CER\u00c2MICA BRANCO BRAS\u00c3O QUADRADO P &#8211; REF 188840"},"content":{"rendered":"<p>VASO CER\u00c2MICA BRANCO BRAS\u00c3O QUADRADO P &#8211; REF 188840<\/p>\n<p>REF: 188840<\/p>\n<p>Medidas: 20 x 20 x 15 cm(largura x\u00a0 di\u00e2metro x altura)<\/p>\n<p>Material: Cer\u00e2mica<\/p>\n<p>Cor: Branco<\/p>\n","protected":false},"excerpt":{"rendered":"<p>VASO CER\u00c2MICA BRANCO BRAS\u00c3O QUADRADO P &#8211; REF 188840 REF: 188840 Medidas: 20 x 20 x 15 cm(largura x\u00a0 di\u00e2metro x altura) Material: Cer\u00e2mica Cor: Branco<\/p>\n","protected":false},"featured_media":6570,"comment_status":"open","ping_status":"closed","template":"","meta":[],"product_cat":[158,176],"product_tag":[],"_links":{"self":[{"href":"https:\/\/boutiqueeventos.com.br\/site\/wp-json\/wp\/v2\/product\/2835"}],"collection":[{"href":"https:\/\/boutiqueeventos.com.br\/site\/wp-json\/wp\/v2\/product"}],"about":[{"href":"https:\/\/boutiqueeventos.com.br\/site\/wp-json\/wp\/v2\/types\/product"}],"replies":[{"embeddable":true,"href":"https:\/\/boutiqueeventos.com.br\/site\/wp-json\/wp\/v2\/comments?post=2835"}],"wp:featuredmedia":[{"embeddable":true,"href":"https:\/\/boutiqueeventos.com.br\/site\/wp-json\/wp\/v2\/media\/6570"}],"wp:attachment":[{"href":"https:\/\/boutiqueeventos.com.br\/site\/wp-json\/wp\/v2\/media?parent=2835"}],"wp:term":[{"taxonomy":"product_cat","embeddable":true,"href":"https:\/\/boutiqueeventos.com.br\/site\/wp-json\/wp\/v2\/product_cat?post=2835"},{"taxonomy":"product_tag","embeddable":true,"href":"https:\/\/boutiqueeventos.com.br\/site\/wp-json\/wp\/v2\/product_tag?post=2835"}],"curies":[{"name":"wp","href":"https:\/\/api.w.org\/{rel}","templated":true}]}}