{"id":2840,"date":"2017-06-01T17:19:18","date_gmt":"2017-06-01T20:19:18","guid":{"rendered":"https:\/\/boutiqueeventos.com.br\/site\/index.php\/produto\/vaso-decorativo-de-ceramica-branca-ctampa\/"},"modified":"2021-04-22T09:44:02","modified_gmt":"2021-04-22T12:44:02","slug":"vaso-decorativo-de-ceramica-branca-ctampa","status":"publish","type":"product","link":"https:\/\/boutiqueeventos.com.br\/site\/produto\/vaso-decorativo-de-ceramica-branca-ctampa\/","title":{"rendered":"Potiche cer\u00e2mica branco grande &#8211; REF 288128"},"content":{"rendered":"<p>Potiche cer\u00e2mica Branco Grande &#8211;<\/p>\n<p>REF 288128<\/p>\n<p>Medidas: 0,65 x 0,30 (altura x di\u00e2metro)<\/p>\n<p>Material: Cer\u00e2mica<\/p>\n<p>Cor: Branco<\/p>\n","protected":false},"excerpt":{"rendered":"<p>Potiche cer\u00e2mica Branco Grande &#8211; REF 288128 Medidas: 0,65 x 0,30 (altura x di\u00e2metro) Material: Cer\u00e2mica Cor: Branco<\/p>\n","protected":false},"featured_media":6859,"comment_status":"open","ping_status":"closed","template":"","meta":[],"product_cat":[158,187],"product_tag":[],"_links":{"self":[{"href":"https:\/\/boutiqueeventos.com.br\/site\/wp-json\/wp\/v2\/product\/2840"}],"collection":[{"href":"https:\/\/boutiqueeventos.com.br\/site\/wp-json\/wp\/v2\/product"}],"about":[{"href":"https:\/\/boutiqueeventos.com.br\/site\/wp-json\/wp\/v2\/types\/product"}],"replies":[{"embeddable":true,"href":"https:\/\/boutiqueeventos.com.br\/site\/wp-json\/wp\/v2\/comments?post=2840"}],"wp:featuredmedia":[{"embeddable":true,"href":"https:\/\/boutiqueeventos.com.br\/site\/wp-json\/wp\/v2\/media\/6859"}],"wp:attachment":[{"href":"https:\/\/boutiqueeventos.com.br\/site\/wp-json\/wp\/v2\/media?parent=2840"}],"wp:term":[{"taxonomy":"product_cat","embeddable":true,"href":"https:\/\/boutiqueeventos.com.br\/site\/wp-json\/wp\/v2\/product_cat?post=2840"},{"taxonomy":"product_tag","embeddable":true,"href":"https:\/\/boutiqueeventos.com.br\/site\/wp-json\/wp\/v2\/product_tag?post=2840"}],"curies":[{"name":"wp","href":"https:\/\/api.w.org\/{rel}","templated":true}]}}