{"id":2841,"date":"2017-06-01T17:19:21","date_gmt":"2017-06-01T20:19:21","guid":{"rendered":"https:\/\/boutiqueeventos.com.br\/site\/index.php\/produto\/vaso-decorativo-de-ceramica-r-440-41x18\/"},"modified":"2021-04-26T09:04:23","modified_gmt":"2021-04-26T12:04:23","slug":"vaso-decorativo-de-ceramica-r-440-41x18","status":"publish","type":"product","link":"https:\/\/boutiqueeventos.com.br\/site\/produto\/vaso-decorativo-de-ceramica-r-440-41x18\/","title":{"rendered":"VASO CER\u00c2MICA P\u00c9ROLA CONCHA G &#8211; REF 287201"},"content":{"rendered":"<p>VASO DE CER\u00c2MICA P\u00c9ROLA CONCHA G<\/p>\n<p>REF 287201<\/p>\n<p>MEDIDAS: 42 X 17CM (ALTURA X LARGURA)<\/p>\n<p>MATERIAL: CER\u00c2MICA<\/p>\n<p>COR: P\u00c9ROLA<\/p>\n","protected":false},"excerpt":{"rendered":"<p>VASO DE CER\u00c2MICA P\u00c9ROLA CONCHA G REF 287201 MEDIDAS: 42 X 17CM (ALTURA X LARGURA) MATERIAL: CER\u00c2MICA COR: P\u00c9ROLA<\/p>\n","protected":false},"featured_media":6677,"comment_status":"open","ping_status":"closed","template":"","meta":[],"product_cat":[158,127,176],"product_tag":[],"_links":{"self":[{"href":"https:\/\/boutiqueeventos.com.br\/site\/wp-json\/wp\/v2\/product\/2841"}],"collection":[{"href":"https:\/\/boutiqueeventos.com.br\/site\/wp-json\/wp\/v2\/product"}],"about":[{"href":"https:\/\/boutiqueeventos.com.br\/site\/wp-json\/wp\/v2\/types\/product"}],"replies":[{"embeddable":true,"href":"https:\/\/boutiqueeventos.com.br\/site\/wp-json\/wp\/v2\/comments?post=2841"}],"wp:featuredmedia":[{"embeddable":true,"href":"https:\/\/boutiqueeventos.com.br\/site\/wp-json\/wp\/v2\/media\/6677"}],"wp:attachment":[{"href":"https:\/\/boutiqueeventos.com.br\/site\/wp-json\/wp\/v2\/media?parent=2841"}],"wp:term":[{"taxonomy":"product_cat","embeddable":true,"href":"https:\/\/boutiqueeventos.com.br\/site\/wp-json\/wp\/v2\/product_cat?post=2841"},{"taxonomy":"product_tag","embeddable":true,"href":"https:\/\/boutiqueeventos.com.br\/site\/wp-json\/wp\/v2\/product_tag?post=2841"}],"curies":[{"name":"wp","href":"https:\/\/api.w.org\/{rel}","templated":true}]}}