{"id":2847,"date":"2017-06-01T17:36:03","date_gmt":"2017-06-01T20:36:03","guid":{"rendered":"https:\/\/boutiqueeventos.com.br\/site\/index.php\/produto\/vaso-de-ceramica-azul-cc0025\/"},"modified":"2021-04-26T09:01:36","modified_gmt":"2021-04-26T12:01:36","slug":"vaso-de-ceramica-azul-cc0025","status":"publish","type":"product","link":"https:\/\/boutiqueeventos.com.br\/site\/produto\/vaso-de-ceramica-azul-cc0025\/","title":{"rendered":"VASO CER\u00c2MICA FLORAL AZUL &#8211; REF 287208"},"content":{"rendered":"<p>VASO DE CER\u00c2MICA FLORAL AZUL<\/p>\n<p>REF 287208<\/p>\n<p>MEDIDAS: 25 X 26CM (ALTURA X DI\u00c2METRO)<\/p>\n<p>MATERIAL: CER\u00c2MICA<\/p>\n<p>COR: CINZA E AZUL<\/p>\n","protected":false},"excerpt":{"rendered":"<p>VASO DE CER\u00c2MICA FLORAL AZUL REF 287208 MEDIDAS: 25 X 26CM (ALTURA X DI\u00c2METRO) MATERIAL: CER\u00c2MICA COR: CINZA E AZUL<\/p>\n","protected":false},"featured_media":6690,"comment_status":"open","ping_status":"closed","template":"","meta":[],"product_cat":[158,127,176],"product_tag":[],"_links":{"self":[{"href":"https:\/\/boutiqueeventos.com.br\/site\/wp-json\/wp\/v2\/product\/2847"}],"collection":[{"href":"https:\/\/boutiqueeventos.com.br\/site\/wp-json\/wp\/v2\/product"}],"about":[{"href":"https:\/\/boutiqueeventos.com.br\/site\/wp-json\/wp\/v2\/types\/product"}],"replies":[{"embeddable":true,"href":"https:\/\/boutiqueeventos.com.br\/site\/wp-json\/wp\/v2\/comments?post=2847"}],"wp:featuredmedia":[{"embeddable":true,"href":"https:\/\/boutiqueeventos.com.br\/site\/wp-json\/wp\/v2\/media\/6690"}],"wp:attachment":[{"href":"https:\/\/boutiqueeventos.com.br\/site\/wp-json\/wp\/v2\/media?parent=2847"}],"wp:term":[{"taxonomy":"product_cat","embeddable":true,"href":"https:\/\/boutiqueeventos.com.br\/site\/wp-json\/wp\/v2\/product_cat?post=2847"},{"taxonomy":"product_tag","embeddable":true,"href":"https:\/\/boutiqueeventos.com.br\/site\/wp-json\/wp\/v2\/product_tag?post=2847"}],"curies":[{"name":"wp","href":"https:\/\/api.w.org\/{rel}","templated":true}]}}