{"id":2848,"date":"2017-06-01T17:36:06","date_gmt":"2017-06-01T20:36:06","guid":{"rendered":"https:\/\/boutiqueeventos.com.br\/site\/index.php\/produto\/vaso-de-ceramica-azul-cc0024\/"},"modified":"2021-04-26T09:14:57","modified_gmt":"2021-04-26T12:14:57","slug":"vaso-de-ceramica-azul-cc0024","status":"publish","type":"product","link":"https:\/\/boutiqueeventos.com.br\/site\/produto\/vaso-de-ceramica-azul-cc0024\/","title":{"rendered":"VASO CER\u00c2MICA FLORAL AZUL &#8211; REF 287205"},"content":{"rendered":"<p>VASO DE CER\u00c2MICA FLORAL AZUL<\/p>\n<p>REF 287205<\/p>\n<p>MEDIDAS: 33 X 12CM (ALTURA X DI\u00c2METRO)<\/p>\n<p>MATERIAL: CER\u00c2MICA<\/p>\n<p>COR: CINZA E AZUL<\/p>\n","protected":false},"excerpt":{"rendered":"<p>VASO DE CER\u00c2MICA FLORAL AZUL REF 287205 MEDIDAS: 33 X 12CM (ALTURA X DI\u00c2METRO) MATERIAL: CER\u00c2MICA COR: CINZA E AZUL<\/p>\n","protected":false},"featured_media":6903,"comment_status":"open","ping_status":"closed","template":"","meta":[],"product_cat":[158,176],"product_tag":[],"_links":{"self":[{"href":"https:\/\/boutiqueeventos.com.br\/site\/wp-json\/wp\/v2\/product\/2848"}],"collection":[{"href":"https:\/\/boutiqueeventos.com.br\/site\/wp-json\/wp\/v2\/product"}],"about":[{"href":"https:\/\/boutiqueeventos.com.br\/site\/wp-json\/wp\/v2\/types\/product"}],"replies":[{"embeddable":true,"href":"https:\/\/boutiqueeventos.com.br\/site\/wp-json\/wp\/v2\/comments?post=2848"}],"wp:featuredmedia":[{"embeddable":true,"href":"https:\/\/boutiqueeventos.com.br\/site\/wp-json\/wp\/v2\/media\/6903"}],"wp:attachment":[{"href":"https:\/\/boutiqueeventos.com.br\/site\/wp-json\/wp\/v2\/media?parent=2848"}],"wp:term":[{"taxonomy":"product_cat","embeddable":true,"href":"https:\/\/boutiqueeventos.com.br\/site\/wp-json\/wp\/v2\/product_cat?post=2848"},{"taxonomy":"product_tag","embeddable":true,"href":"https:\/\/boutiqueeventos.com.br\/site\/wp-json\/wp\/v2\/product_tag?post=2848"}],"curies":[{"name":"wp","href":"https:\/\/api.w.org\/{rel}","templated":true}]}}