{"id":2856,"date":"2017-06-01T17:36:25","date_gmt":"2017-06-01T20:36:25","guid":{"rendered":"https:\/\/boutiqueeventos.com.br\/site\/index.php\/produto\/vaso-de-ceramica-r486-verde-musgo\/"},"modified":"2021-04-19T15:51:12","modified_gmt":"2021-04-19T18:51:12","slug":"vaso-de-ceramica-r486-verde-musgo","status":"publish","type":"product","link":"https:\/\/boutiqueeventos.com.br\/site\/produto\/vaso-de-ceramica-r486-verde-musgo\/","title":{"rendered":"VASO DE CER\u00c2MICA VERDE MUSGO &#8211; REF 287173"},"content":{"rendered":"<p>VASO DE CER\u00c2MICA VERDE MUSGO<\/p>\n<p>REF 287173<\/p>\n<p>Medidas: 30x17cm (altura x di\u00e2metro)<\/p>\n<p>Material: Cer\u00e2mica<\/p>\n<p>Cor: Verde musgo<\/p>\n","protected":false},"excerpt":{"rendered":"<p>VASO DE CER\u00c2MICA VERDE MUSGO REF 287173 Medidas: 30x17cm (altura x di\u00e2metro) Material: Cer\u00e2mica Cor: Verde musgo<\/p>\n","protected":false},"featured_media":6659,"comment_status":"open","ping_status":"closed","template":"","meta":[],"product_cat":[158,127],"product_tag":[],"_links":{"self":[{"href":"https:\/\/boutiqueeventos.com.br\/site\/wp-json\/wp\/v2\/product\/2856"}],"collection":[{"href":"https:\/\/boutiqueeventos.com.br\/site\/wp-json\/wp\/v2\/product"}],"about":[{"href":"https:\/\/boutiqueeventos.com.br\/site\/wp-json\/wp\/v2\/types\/product"}],"replies":[{"embeddable":true,"href":"https:\/\/boutiqueeventos.com.br\/site\/wp-json\/wp\/v2\/comments?post=2856"}],"wp:featuredmedia":[{"embeddable":true,"href":"https:\/\/boutiqueeventos.com.br\/site\/wp-json\/wp\/v2\/media\/6659"}],"wp:attachment":[{"href":"https:\/\/boutiqueeventos.com.br\/site\/wp-json\/wp\/v2\/media?parent=2856"}],"wp:term":[{"taxonomy":"product_cat","embeddable":true,"href":"https:\/\/boutiqueeventos.com.br\/site\/wp-json\/wp\/v2\/product_cat?post=2856"},{"taxonomy":"product_tag","embeddable":true,"href":"https:\/\/boutiqueeventos.com.br\/site\/wp-json\/wp\/v2\/product_tag?post=2856"}],"curies":[{"name":"wp","href":"https:\/\/api.w.org\/{rel}","templated":true}]}}