{"id":2864,"date":"2017-06-02T13:10:19","date_gmt":"2017-06-02T16:10:19","guid":{"rendered":"https:\/\/boutiqueeventos.com.br\/site\/index.php\/produto\/cachepot-de-ceramica-a545-branco\/"},"modified":"2021-04-19T09:32:43","modified_gmt":"2021-04-19T12:32:43","slug":"cachepot-de-ceramica-a545-branco","status":"publish","type":"product","link":"https:\/\/boutiqueeventos.com.br\/site\/produto\/cachepot-de-ceramica-a545-branco\/","title":{"rendered":"VASO CER\u00c2MICA BRANCO BRAS\u00c3O REDONDO P &#8211; REF 82004"},"content":{"rendered":"<p>VASO CER\u00c2MICA BRANCO BRAS\u00c3O REDONDO P<\/p>\n<p>REF: 82004<\/p>\n<p>Medidas: 15 x 17 cm (altura x di\u00e2metro)<\/p>\n<p>Material: Cer\u00e2mica<\/p>\n<p>Cor: Branco<\/p>\n","protected":false},"excerpt":{"rendered":"<p>VASO CER\u00c2MICA BRANCO BRAS\u00c3O REDONDO P REF: 82004 Medidas: 15 x 17 cm (altura x di\u00e2metro) Material: Cer\u00e2mica Cor: Branco<\/p>\n","protected":false},"featured_media":6564,"comment_status":"open","ping_status":"closed","template":"","meta":[],"product_cat":[158,176],"product_tag":[],"_links":{"self":[{"href":"https:\/\/boutiqueeventos.com.br\/site\/wp-json\/wp\/v2\/product\/2864"}],"collection":[{"href":"https:\/\/boutiqueeventos.com.br\/site\/wp-json\/wp\/v2\/product"}],"about":[{"href":"https:\/\/boutiqueeventos.com.br\/site\/wp-json\/wp\/v2\/types\/product"}],"replies":[{"embeddable":true,"href":"https:\/\/boutiqueeventos.com.br\/site\/wp-json\/wp\/v2\/comments?post=2864"}],"wp:featuredmedia":[{"embeddable":true,"href":"https:\/\/boutiqueeventos.com.br\/site\/wp-json\/wp\/v2\/media\/6564"}],"wp:attachment":[{"href":"https:\/\/boutiqueeventos.com.br\/site\/wp-json\/wp\/v2\/media?parent=2864"}],"wp:term":[{"taxonomy":"product_cat","embeddable":true,"href":"https:\/\/boutiqueeventos.com.br\/site\/wp-json\/wp\/v2\/product_cat?post=2864"},{"taxonomy":"product_tag","embeddable":true,"href":"https:\/\/boutiqueeventos.com.br\/site\/wp-json\/wp\/v2\/product_tag?post=2864"}],"curies":[{"name":"wp","href":"https:\/\/api.w.org\/{rel}","templated":true}]}}