{"id":2868,"date":"2017-06-02T13:10:29","date_gmt":"2017-06-02T16:10:29","guid":{"rendered":"https:\/\/boutiqueeventos.com.br\/site\/index.php\/produto\/vaso-de-ceramica-r801-azul\/"},"modified":"2021-04-20T16:52:28","modified_gmt":"2021-04-20T19:52:28","slug":"vaso-de-ceramica-r801-azul","status":"publish","type":"product","link":"https:\/\/boutiqueeventos.com.br\/site\/produto\/vaso-de-ceramica-r801-azul\/","title":{"rendered":"Vaso cer\u00e2mica azul esverdeado c\u00f4nico arabesco &#8211; REF 139197"},"content":{"rendered":"<p>Vaso cer\u00e2mica azul esverdeado c\u00f4nico arabesco<\/p>\n<p>REF 139197<\/p>\n<p>Medidas: 34x17cm (altura x di\u00e2metro)<\/p>\n","protected":false},"excerpt":{"rendered":"<p>Vaso cer\u00e2mica azul esverdeado c\u00f4nico arabesco REF 139197 Medidas: 34x17cm (altura x di\u00e2metro)<\/p>\n","protected":false},"featured_media":6841,"comment_status":"open","ping_status":"closed","template":"","meta":[],"product_cat":[158,127,176],"product_tag":[],"_links":{"self":[{"href":"https:\/\/boutiqueeventos.com.br\/site\/wp-json\/wp\/v2\/product\/2868"}],"collection":[{"href":"https:\/\/boutiqueeventos.com.br\/site\/wp-json\/wp\/v2\/product"}],"about":[{"href":"https:\/\/boutiqueeventos.com.br\/site\/wp-json\/wp\/v2\/types\/product"}],"replies":[{"embeddable":true,"href":"https:\/\/boutiqueeventos.com.br\/site\/wp-json\/wp\/v2\/comments?post=2868"}],"wp:featuredmedia":[{"embeddable":true,"href":"https:\/\/boutiqueeventos.com.br\/site\/wp-json\/wp\/v2\/media\/6841"}],"wp:attachment":[{"href":"https:\/\/boutiqueeventos.com.br\/site\/wp-json\/wp\/v2\/media?parent=2868"}],"wp:term":[{"taxonomy":"product_cat","embeddable":true,"href":"https:\/\/boutiqueeventos.com.br\/site\/wp-json\/wp\/v2\/product_cat?post=2868"},{"taxonomy":"product_tag","embeddable":true,"href":"https:\/\/boutiqueeventos.com.br\/site\/wp-json\/wp\/v2\/product_tag?post=2868"}],"curies":[{"name":"wp","href":"https:\/\/api.w.org\/{rel}","templated":true}]}}