{"id":2869,"date":"2017-06-02T13:10:30","date_gmt":"2017-06-02T16:10:30","guid":{"rendered":"https:\/\/boutiqueeventos.com.br\/site\/index.php\/produto\/vaso-ceramica-grande-linha-rosas-com-alca\/"},"modified":"2021-04-20T10:05:03","modified_gmt":"2021-04-20T13:05:03","slug":"vaso-ceramica-grande-linha-rosas-com-alca","status":"publish","type":"product","link":"https:\/\/boutiqueeventos.com.br\/site\/produto\/vaso-ceramica-grande-linha-rosas-com-alca\/","title":{"rendered":"Vaso cer\u00e2mica rosas com al\u00e7a alto -REF 60783"},"content":{"rendered":"<p>Vaso cer\u00e2mica rosas com al\u00e7a alto\u00a0 &#8211;<\/p>\n<p>REF 60783<\/p>\n<p>Medidas:\u00a041 x 27cm (altura x largura)<\/p>\n<p>Material: Cer\u00e2mica<\/p>\n<p>Cor: Rosa Claro<\/p>\n","protected":false},"excerpt":{"rendered":"<p>Vaso cer\u00e2mica rosas com al\u00e7a alto\u00a0 &#8211; REF 60783 Medidas:\u00a041 x 27cm (altura x largura) Material: Cer\u00e2mica Cor: Rosa Claro<\/p>\n","protected":false},"featured_media":6768,"comment_status":"open","ping_status":"closed","template":"","meta":[],"product_cat":[158,127,176],"product_tag":[],"_links":{"self":[{"href":"https:\/\/boutiqueeventos.com.br\/site\/wp-json\/wp\/v2\/product\/2869"}],"collection":[{"href":"https:\/\/boutiqueeventos.com.br\/site\/wp-json\/wp\/v2\/product"}],"about":[{"href":"https:\/\/boutiqueeventos.com.br\/site\/wp-json\/wp\/v2\/types\/product"}],"replies":[{"embeddable":true,"href":"https:\/\/boutiqueeventos.com.br\/site\/wp-json\/wp\/v2\/comments?post=2869"}],"wp:featuredmedia":[{"embeddable":true,"href":"https:\/\/boutiqueeventos.com.br\/site\/wp-json\/wp\/v2\/media\/6768"}],"wp:attachment":[{"href":"https:\/\/boutiqueeventos.com.br\/site\/wp-json\/wp\/v2\/media?parent=2869"}],"wp:term":[{"taxonomy":"product_cat","embeddable":true,"href":"https:\/\/boutiqueeventos.com.br\/site\/wp-json\/wp\/v2\/product_cat?post=2869"},{"taxonomy":"product_tag","embeddable":true,"href":"https:\/\/boutiqueeventos.com.br\/site\/wp-json\/wp\/v2\/product_tag?post=2869"}],"curies":[{"name":"wp","href":"https:\/\/api.w.org\/{rel}","templated":true}]}}