{"id":2879,"date":"2017-06-02T13:54:01","date_gmt":"2017-06-02T16:54:01","guid":{"rendered":"https:\/\/boutiqueeventos.com.br\/site\/index.php\/produto\/vaso-ceramica-vermelho-com-tampa-2\/"},"modified":"2021-04-22T09:04:08","modified_gmt":"2021-04-22T12:04:08","slug":"vaso-ceramica-vermelho-com-tampa-2","status":"publish","type":"product","link":"https:\/\/boutiqueeventos.com.br\/site\/produto\/vaso-ceramica-vermelho-com-tampa-2\/","title":{"rendered":"Potiche cer\u00e2mica vermelho m\u00e9dio &#8211; REF 60796"},"content":{"rendered":"<p>Potiche cer\u00e2mica vermelho m\u00e9dio\u00a0 &#8211;<\/p>\n<p>REF 60796<\/p>\n<p>Medidas:\u00a032 x 28cm (altura x largura)<\/p>\n<p>Material: Cer\u00e2mica<\/p>\n<p>Cor: Vermelho<\/p>\n","protected":false},"excerpt":{"rendered":"<p>Potiche cer\u00e2mica vermelho m\u00e9dio\u00a0 &#8211; REF 60796 Medidas:\u00a032 x 28cm (altura x largura) Material: Cer\u00e2mica Cor: Vermelho<\/p>\n","protected":false},"featured_media":6792,"comment_status":"open","ping_status":"closed","template":"","meta":[],"product_cat":[158,187],"product_tag":[],"_links":{"self":[{"href":"https:\/\/boutiqueeventos.com.br\/site\/wp-json\/wp\/v2\/product\/2879"}],"collection":[{"href":"https:\/\/boutiqueeventos.com.br\/site\/wp-json\/wp\/v2\/product"}],"about":[{"href":"https:\/\/boutiqueeventos.com.br\/site\/wp-json\/wp\/v2\/types\/product"}],"replies":[{"embeddable":true,"href":"https:\/\/boutiqueeventos.com.br\/site\/wp-json\/wp\/v2\/comments?post=2879"}],"wp:featuredmedia":[{"embeddable":true,"href":"https:\/\/boutiqueeventos.com.br\/site\/wp-json\/wp\/v2\/media\/6792"}],"wp:attachment":[{"href":"https:\/\/boutiqueeventos.com.br\/site\/wp-json\/wp\/v2\/media?parent=2879"}],"wp:term":[{"taxonomy":"product_cat","embeddable":true,"href":"https:\/\/boutiqueeventos.com.br\/site\/wp-json\/wp\/v2\/product_cat?post=2879"},{"taxonomy":"product_tag","embeddable":true,"href":"https:\/\/boutiqueeventos.com.br\/site\/wp-json\/wp\/v2\/product_tag?post=2879"}],"curies":[{"name":"wp","href":"https:\/\/api.w.org\/{rel}","templated":true}]}}