{"id":2896,"date":"2017-06-02T14:28:03","date_gmt":"2017-06-02T17:28:03","guid":{"rendered":"https:\/\/boutiqueeventos.com.br\/site\/index.php\/produto\/cachepo-ceramica-verde-craq-n11\/"},"modified":"2021-04-13T09:19:41","modified_gmt":"2021-04-13T12:19:41","slug":"cachepo-ceramica-verde-craq-n11","status":"publish","type":"product","link":"https:\/\/boutiqueeventos.com.br\/site\/produto\/cachepo-ceramica-verde-craq-n11\/","title":{"rendered":"Cachep\u00f4 cer\u00e2mica verde craq n11 &#8211; REF 60519"},"content":{"rendered":"<p>Cachep\u00f4 cer\u00e2mica verde craq n11 &#8211;<\/p>\n<p>REF 60519<\/p>\n<p>Medidas: 9,5 x 14cm (altura x di\u00e2metro)<\/p>\n<p>Material: Cer\u00e2mica<\/p>\n<p>Cor: Verde<\/p>\n","protected":false},"excerpt":{"rendered":"<p>Cachep\u00f4 cer\u00e2mica verde craq n11 &#8211; REF 60519 Medidas: 9,5 x 14cm (altura x di\u00e2metro) Material: Cer\u00e2mica Cor: Verde<\/p>\n","protected":false},"featured_media":6488,"comment_status":"open","ping_status":"closed","template":"","meta":[],"product_cat":[158,156,127],"product_tag":[],"_links":{"self":[{"href":"https:\/\/boutiqueeventos.com.br\/site\/wp-json\/wp\/v2\/product\/2896"}],"collection":[{"href":"https:\/\/boutiqueeventos.com.br\/site\/wp-json\/wp\/v2\/product"}],"about":[{"href":"https:\/\/boutiqueeventos.com.br\/site\/wp-json\/wp\/v2\/types\/product"}],"replies":[{"embeddable":true,"href":"https:\/\/boutiqueeventos.com.br\/site\/wp-json\/wp\/v2\/comments?post=2896"}],"wp:featuredmedia":[{"embeddable":true,"href":"https:\/\/boutiqueeventos.com.br\/site\/wp-json\/wp\/v2\/media\/6488"}],"wp:attachment":[{"href":"https:\/\/boutiqueeventos.com.br\/site\/wp-json\/wp\/v2\/media?parent=2896"}],"wp:term":[{"taxonomy":"product_cat","embeddable":true,"href":"https:\/\/boutiqueeventos.com.br\/site\/wp-json\/wp\/v2\/product_cat?post=2896"},{"taxonomy":"product_tag","embeddable":true,"href":"https:\/\/boutiqueeventos.com.br\/site\/wp-json\/wp\/v2\/product_tag?post=2896"}],"curies":[{"name":"wp","href":"https:\/\/api.w.org\/{rel}","templated":true}]}}