{"id":2898,"date":"2017-06-02T14:38:25","date_gmt":"2017-06-02T17:38:25","guid":{"rendered":"https:\/\/boutiqueeventos.com.br\/site\/index.php\/produto\/cachepo-ceramica-amarelo-craq-pt15\/"},"modified":"2021-04-13T09:02:56","modified_gmt":"2021-04-13T12:02:56","slug":"cachepo-ceramica-amarelo-craq-pt15","status":"publish","type":"product","link":"https:\/\/boutiqueeventos.com.br\/site\/produto\/cachepo-ceramica-amarelo-craq-pt15\/","title":{"rendered":"Cachep\u00f4 cer\u00e2mica amarelo craq n15 &#8211; REF 60630"},"content":{"rendered":"<p>Cachep\u00f4 cer\u00e2mica amarelo craq n15 &#8211;<\/p>\n<p>REF 60630<\/p>\n<p>Medidas: 13 x 16cm (altura x di\u00e2metro)<\/p>\n<p>Material: Cer\u00e2mica<\/p>\n<p>Cor: amarelo<\/p>\n","protected":false},"excerpt":{"rendered":"<p>Cachep\u00f4 cer\u00e2mica amarelo craq n15 &#8211; REF 60630 Medidas: 13 x 16cm (altura x di\u00e2metro) Material: Cer\u00e2mica Cor: amarelo<\/p>\n","protected":false},"featured_media":6485,"comment_status":"open","ping_status":"closed","template":"","meta":[],"product_cat":[158,156],"product_tag":[],"_links":{"self":[{"href":"https:\/\/boutiqueeventos.com.br\/site\/wp-json\/wp\/v2\/product\/2898"}],"collection":[{"href":"https:\/\/boutiqueeventos.com.br\/site\/wp-json\/wp\/v2\/product"}],"about":[{"href":"https:\/\/boutiqueeventos.com.br\/site\/wp-json\/wp\/v2\/types\/product"}],"replies":[{"embeddable":true,"href":"https:\/\/boutiqueeventos.com.br\/site\/wp-json\/wp\/v2\/comments?post=2898"}],"wp:featuredmedia":[{"embeddable":true,"href":"https:\/\/boutiqueeventos.com.br\/site\/wp-json\/wp\/v2\/media\/6485"}],"wp:attachment":[{"href":"https:\/\/boutiqueeventos.com.br\/site\/wp-json\/wp\/v2\/media?parent=2898"}],"wp:term":[{"taxonomy":"product_cat","embeddable":true,"href":"https:\/\/boutiqueeventos.com.br\/site\/wp-json\/wp\/v2\/product_cat?post=2898"},{"taxonomy":"product_tag","embeddable":true,"href":"https:\/\/boutiqueeventos.com.br\/site\/wp-json\/wp\/v2\/product_tag?post=2898"}],"curies":[{"name":"wp","href":"https:\/\/api.w.org\/{rel}","templated":true}]}}