{"id":2899,"date":"2017-06-02T14:38:28","date_gmt":"2017-06-02T17:38:28","guid":{"rendered":"https:\/\/boutiqueeventos.com.br\/site\/index.php\/produto\/cachepo-ceramica-verde-craq-n2\/"},"modified":"2021-04-13T09:22:44","modified_gmt":"2021-04-13T12:22:44","slug":"cachepo-ceramica-verde-craq-n2","status":"publish","type":"product","link":"https:\/\/boutiqueeventos.com.br\/site\/produto\/cachepo-ceramica-verde-craq-n2\/","title":{"rendered":"Cachep\u00f4 cer\u00e2mica verde craq n15 &#8211; REF 60521"},"content":{"rendered":"<p>Cachep\u00f4 cer\u00e2mica verde craq n15 &#8211;<\/p>\n<p>REF 60521<\/p>\n<p>Medidas: 13 x 16cm (altura x di\u00e2metro)<\/p>\n<p>Material: Cer\u00e2mica<\/p>\n<p>Cor: Verde claro<\/p>\n","protected":false},"excerpt":{"rendered":"<p>Cachep\u00f4 cer\u00e2mica verde craq n15 &#8211; REF 60521 Medidas: 13 x 16cm (altura x di\u00e2metro) Material: Cer\u00e2mica Cor: Verde claro<\/p>\n","protected":false},"featured_media":6489,"comment_status":"open","ping_status":"closed","template":"","meta":[],"product_cat":[158,156,127],"product_tag":[],"_links":{"self":[{"href":"https:\/\/boutiqueeventos.com.br\/site\/wp-json\/wp\/v2\/product\/2899"}],"collection":[{"href":"https:\/\/boutiqueeventos.com.br\/site\/wp-json\/wp\/v2\/product"}],"about":[{"href":"https:\/\/boutiqueeventos.com.br\/site\/wp-json\/wp\/v2\/types\/product"}],"replies":[{"embeddable":true,"href":"https:\/\/boutiqueeventos.com.br\/site\/wp-json\/wp\/v2\/comments?post=2899"}],"wp:featuredmedia":[{"embeddable":true,"href":"https:\/\/boutiqueeventos.com.br\/site\/wp-json\/wp\/v2\/media\/6489"}],"wp:attachment":[{"href":"https:\/\/boutiqueeventos.com.br\/site\/wp-json\/wp\/v2\/media?parent=2899"}],"wp:term":[{"taxonomy":"product_cat","embeddable":true,"href":"https:\/\/boutiqueeventos.com.br\/site\/wp-json\/wp\/v2\/product_cat?post=2899"},{"taxonomy":"product_tag","embeddable":true,"href":"https:\/\/boutiqueeventos.com.br\/site\/wp-json\/wp\/v2\/product_tag?post=2899"}],"curies":[{"name":"wp","href":"https:\/\/api.w.org\/{rel}","templated":true}]}}