{"id":2916,"date":"2017-06-02T15:03:27","date_gmt":"2017-06-02T18:03:27","guid":{"rendered":"https:\/\/boutiqueeventos.com.br\/site\/index.php\/produto\/vaso-com-tampa-passarinhos-branco-e-azul\/"},"modified":"2021-04-20T09:40:50","modified_gmt":"2021-04-20T12:40:50","slug":"vaso-com-tampa-passarinhos-branco-e-azul","status":"publish","type":"product","link":"https:\/\/boutiqueeventos.com.br\/site\/produto\/vaso-com-tampa-passarinhos-branco-e-azul\/","title":{"rendered":"POTICHE DE CER\u00c2MICA LINHA P\u00c1SSAROS ALTO REF 287414"},"content":{"rendered":"<p>POTICHE CER\u00c2MICA BRANCO E AZUL LINHA P\u00c1SSAROS ALTO<\/p>\n<p>REF: 287414<\/p>\n<p>MEDIDAS: 44 X 16CM (ALTURA X LARGURA)<\/p>\n<p>Material: Cer\u00e2mica<\/p>\n<p>Cor: Branco e azul<\/p>\n","protected":false},"excerpt":{"rendered":"<p>POTICHE CER\u00c2MICA BRANCO E AZUL LINHA P\u00c1SSAROS ALTO REF: 287414 MEDIDAS: 44 X 16CM (ALTURA X LARGURA) Material: Cer\u00e2mica Cor: Branco e azul<\/p>\n","protected":false},"featured_media":6758,"comment_status":"open","ping_status":"closed","template":"","meta":[],"product_cat":[158,187],"product_tag":[],"_links":{"self":[{"href":"https:\/\/boutiqueeventos.com.br\/site\/wp-json\/wp\/v2\/product\/2916"}],"collection":[{"href":"https:\/\/boutiqueeventos.com.br\/site\/wp-json\/wp\/v2\/product"}],"about":[{"href":"https:\/\/boutiqueeventos.com.br\/site\/wp-json\/wp\/v2\/types\/product"}],"replies":[{"embeddable":true,"href":"https:\/\/boutiqueeventos.com.br\/site\/wp-json\/wp\/v2\/comments?post=2916"}],"wp:featuredmedia":[{"embeddable":true,"href":"https:\/\/boutiqueeventos.com.br\/site\/wp-json\/wp\/v2\/media\/6758"}],"wp:attachment":[{"href":"https:\/\/boutiqueeventos.com.br\/site\/wp-json\/wp\/v2\/media?parent=2916"}],"wp:term":[{"taxonomy":"product_cat","embeddable":true,"href":"https:\/\/boutiqueeventos.com.br\/site\/wp-json\/wp\/v2\/product_cat?post=2916"},{"taxonomy":"product_tag","embeddable":true,"href":"https:\/\/boutiqueeventos.com.br\/site\/wp-json\/wp\/v2\/product_tag?post=2916"}],"curies":[{"name":"wp","href":"https:\/\/api.w.org\/{rel}","templated":true}]}}