{"id":2918,"date":"2017-06-02T15:03:32","date_gmt":"2017-06-02T18:03:32","guid":{"rendered":"https:\/\/boutiqueeventos.com.br\/site\/index.php\/produto\/vaso-branco-e-azul-passarinhos-c-tampa-pq\/"},"modified":"2021-04-20T09:33:56","modified_gmt":"2021-04-20T12:33:56","slug":"vaso-branco-e-azul-passarinhos-c-tampa-pq","status":"publish","type":"product","link":"https:\/\/boutiqueeventos.com.br\/site\/produto\/vaso-branco-e-azul-passarinhos-c-tampa-pq\/","title":{"rendered":"POTICHE DE CER\u00c2MICA LINHA P\u00c1SSAROS PQ REF 287413"},"content":{"rendered":"<p>POTICHE DE CER\u00c2MICA BRANCO E AZUL LINHA P\u00c1SSAROS PQ<\/p>\n<p>REF: 287413<\/p>\n<p>MEDIDAS: 27 X 16CM (ALTURA X LARGURA)<\/p>\n<p>Material: Cer\u00e2mica<\/p>\n<p>Cor: branco detalhes azuis<\/p>\n","protected":false},"excerpt":{"rendered":"<p>POTICHE DE CER\u00c2MICA BRANCO E AZUL LINHA P\u00c1SSAROS PQ REF: 287413 MEDIDAS: 27 X 16CM (ALTURA X LARGURA) Material: Cer\u00e2mica Cor: branco detalhes azuis<\/p>\n","protected":false},"featured_media":6753,"comment_status":"open","ping_status":"closed","template":"","meta":[],"product_cat":[158,127],"product_tag":[],"_links":{"self":[{"href":"https:\/\/boutiqueeventos.com.br\/site\/wp-json\/wp\/v2\/product\/2918"}],"collection":[{"href":"https:\/\/boutiqueeventos.com.br\/site\/wp-json\/wp\/v2\/product"}],"about":[{"href":"https:\/\/boutiqueeventos.com.br\/site\/wp-json\/wp\/v2\/types\/product"}],"replies":[{"embeddable":true,"href":"https:\/\/boutiqueeventos.com.br\/site\/wp-json\/wp\/v2\/comments?post=2918"}],"wp:featuredmedia":[{"embeddable":true,"href":"https:\/\/boutiqueeventos.com.br\/site\/wp-json\/wp\/v2\/media\/6753"}],"wp:attachment":[{"href":"https:\/\/boutiqueeventos.com.br\/site\/wp-json\/wp\/v2\/media?parent=2918"}],"wp:term":[{"taxonomy":"product_cat","embeddable":true,"href":"https:\/\/boutiqueeventos.com.br\/site\/wp-json\/wp\/v2\/product_cat?post=2918"},{"taxonomy":"product_tag","embeddable":true,"href":"https:\/\/boutiqueeventos.com.br\/site\/wp-json\/wp\/v2\/product_tag?post=2918"}],"curies":[{"name":"wp","href":"https:\/\/api.w.org\/{rel}","templated":true}]}}