{"id":2919,"date":"2017-06-02T15:03:33","date_gmt":"2017-06-02T18:03:33","guid":{"rendered":"https:\/\/boutiqueeventos.com.br\/site\/index.php\/produto\/taca-cachepo-media-branca-esmaltada\/"},"modified":"2021-04-20T10:23:03","modified_gmt":"2021-04-20T13:23:03","slug":"taca-cachepo-media-branca-esmaltada","status":"publish","type":"product","link":"https:\/\/boutiqueeventos.com.br\/site\/produto\/taca-cachepo-media-branca-esmaltada\/","title":{"rendered":"VASO CER\u00c2MICA PARIS BRANCA ESMALTADA G &#8211; REF 287428"},"content":{"rendered":"<p>VASO CER\u00c2MICA PARIS BRANCA ESMALTADA G<\/p>\n<p>REF 287428<\/p>\n<p>MEDIDAS: 27 X 24CM (ALTURA X DI\u00c2METRO)<\/p>\n<p>MATERIAL: CER\u00c2MICA<\/p>\n<p>COR: BRANCO ESMALTADO<\/p>\n","protected":false},"excerpt":{"rendered":"<p>VASO CER\u00c2MICA PARIS BRANCA ESMALTADA G REF 287428 MEDIDAS: 27 X 24CM (ALTURA X DI\u00c2METRO) MATERIAL: CER\u00c2MICA COR: BRANCO ESMALTADO<\/p>\n","protected":false},"featured_media":6773,"comment_status":"open","ping_status":"closed","template":"","meta":[],"product_cat":[158,127,176],"product_tag":[],"_links":{"self":[{"href":"https:\/\/boutiqueeventos.com.br\/site\/wp-json\/wp\/v2\/product\/2919"}],"collection":[{"href":"https:\/\/boutiqueeventos.com.br\/site\/wp-json\/wp\/v2\/product"}],"about":[{"href":"https:\/\/boutiqueeventos.com.br\/site\/wp-json\/wp\/v2\/types\/product"}],"replies":[{"embeddable":true,"href":"https:\/\/boutiqueeventos.com.br\/site\/wp-json\/wp\/v2\/comments?post=2919"}],"wp:featuredmedia":[{"embeddable":true,"href":"https:\/\/boutiqueeventos.com.br\/site\/wp-json\/wp\/v2\/media\/6773"}],"wp:attachment":[{"href":"https:\/\/boutiqueeventos.com.br\/site\/wp-json\/wp\/v2\/media?parent=2919"}],"wp:term":[{"taxonomy":"product_cat","embeddable":true,"href":"https:\/\/boutiqueeventos.com.br\/site\/wp-json\/wp\/v2\/product_cat?post=2919"},{"taxonomy":"product_tag","embeddable":true,"href":"https:\/\/boutiqueeventos.com.br\/site\/wp-json\/wp\/v2\/product_tag?post=2919"}],"curies":[{"name":"wp","href":"https:\/\/api.w.org\/{rel}","templated":true}]}}