{"id":2920,"date":"2017-06-02T15:03:35","date_gmt":"2017-06-02T18:03:35","guid":{"rendered":"https:\/\/boutiqueeventos.com.br\/site\/index.php\/produto\/taca-cachepo-pequena-branca-esmaltada\/"},"modified":"2021-04-20T10:21:19","modified_gmt":"2021-04-20T13:21:19","slug":"taca-cachepo-pequena-branca-esmaltada","status":"publish","type":"product","link":"https:\/\/boutiqueeventos.com.br\/site\/produto\/taca-cachepo-pequena-branca-esmaltada\/","title":{"rendered":"VASO CER\u00c2MICA PARIS BRANCA ESMALTADA P &#8211; REF 287425"},"content":{"rendered":"<p>VASO CER\u00c2MICA PARIS BRANCA ESMALTADA P<\/p>\n<p>REF 287425<\/p>\n<p>MEDIDAS: 19 X 16CM (ALTURA X DI\u00c2METRO)<\/p>\n<p>MATERIAL: CER\u00c2MICA<\/p>\n<p>COR: BRANCO ESMALTADO<\/p>\n","protected":false},"excerpt":{"rendered":"<p>VASO CER\u00c2MICA PARIS BRANCA ESMALTADA P REF 287425 MEDIDAS: 19 X 16CM (ALTURA X DI\u00c2METRO) MATERIAL: CER\u00c2MICA COR: BRANCO ESMALTADO<\/p>\n","protected":false},"featured_media":6771,"comment_status":"open","ping_status":"closed","template":"","meta":[],"product_cat":[158,127,176],"product_tag":[],"_links":{"self":[{"href":"https:\/\/boutiqueeventos.com.br\/site\/wp-json\/wp\/v2\/product\/2920"}],"collection":[{"href":"https:\/\/boutiqueeventos.com.br\/site\/wp-json\/wp\/v2\/product"}],"about":[{"href":"https:\/\/boutiqueeventos.com.br\/site\/wp-json\/wp\/v2\/types\/product"}],"replies":[{"embeddable":true,"href":"https:\/\/boutiqueeventos.com.br\/site\/wp-json\/wp\/v2\/comments?post=2920"}],"wp:featuredmedia":[{"embeddable":true,"href":"https:\/\/boutiqueeventos.com.br\/site\/wp-json\/wp\/v2\/media\/6771"}],"wp:attachment":[{"href":"https:\/\/boutiqueeventos.com.br\/site\/wp-json\/wp\/v2\/media?parent=2920"}],"wp:term":[{"taxonomy":"product_cat","embeddable":true,"href":"https:\/\/boutiqueeventos.com.br\/site\/wp-json\/wp\/v2\/product_cat?post=2920"},{"taxonomy":"product_tag","embeddable":true,"href":"https:\/\/boutiqueeventos.com.br\/site\/wp-json\/wp\/v2\/product_tag?post=2920"}],"curies":[{"name":"wp","href":"https:\/\/api.w.org\/{rel}","templated":true}]}}