{"id":3809,"date":"2017-11-15T13:28:24","date_gmt":"2017-11-15T15:28:24","guid":{"rendered":"https:\/\/boutiqueeventos.com.br\/site\/index.php\/produto\/vaso-ceramica-azul-petroleo-alto-com-tampa-ref-804\/"},"modified":"2021-04-20T16:10:00","modified_gmt":"2021-04-20T19:10:00","slug":"vaso-ceramica-azul-petroleo-alto-com-tampa-ref-804","status":"publish","type":"product","link":"https:\/\/boutiqueeventos.com.br\/site\/produto\/vaso-ceramica-azul-petroleo-alto-com-tampa-ref-804\/","title":{"rendered":"Potiche cer\u00e2mica azul petr\u00f3leo alto base em resina prata &#8211; REF 218781"},"content":{"rendered":"<p>Potiche cer\u00e2mica azul petr\u00f3leo alto base em resina prata<\/p>\n<p>REF 218781<\/p>\n<p>MEDIDAS: (0,65M AL X 0,16M DI\u00c2METRO)<\/p>\n<p>Material: Cer\u00e2mica e resina<\/p>\n<p>Cor: Azul petr\u00f3leo e prata<\/p>\n","protected":false},"excerpt":{"rendered":"<p>Potiche cer\u00e2mica azul petr\u00f3leo alto base em resina prata REF 218781 MEDIDAS: (0,65M AL X 0,16M DI\u00c2METRO) Material: Cer\u00e2mica e resina Cor: Azul petr\u00f3leo e prata<\/p>\n","protected":false},"featured_media":6827,"comment_status":"closed","ping_status":"closed","template":"","meta":[],"product_cat":[158,187],"product_tag":[],"_links":{"self":[{"href":"https:\/\/boutiqueeventos.com.br\/site\/wp-json\/wp\/v2\/product\/3809"}],"collection":[{"href":"https:\/\/boutiqueeventos.com.br\/site\/wp-json\/wp\/v2\/product"}],"about":[{"href":"https:\/\/boutiqueeventos.com.br\/site\/wp-json\/wp\/v2\/types\/product"}],"replies":[{"embeddable":true,"href":"https:\/\/boutiqueeventos.com.br\/site\/wp-json\/wp\/v2\/comments?post=3809"}],"wp:featuredmedia":[{"embeddable":true,"href":"https:\/\/boutiqueeventos.com.br\/site\/wp-json\/wp\/v2\/media\/6827"}],"wp:attachment":[{"href":"https:\/\/boutiqueeventos.com.br\/site\/wp-json\/wp\/v2\/media?parent=3809"}],"wp:term":[{"taxonomy":"product_cat","embeddable":true,"href":"https:\/\/boutiqueeventos.com.br\/site\/wp-json\/wp\/v2\/product_cat?post=3809"},{"taxonomy":"product_tag","embeddable":true,"href":"https:\/\/boutiqueeventos.com.br\/site\/wp-json\/wp\/v2\/product_tag?post=3809"}],"curies":[{"name":"wp","href":"https:\/\/api.w.org\/{rel}","templated":true}]}}