{"id":3811,"date":"2017-11-15T13:38:57","date_gmt":"2017-11-15T15:38:57","guid":{"rendered":"https:\/\/boutiqueeventos.com.br\/site\/index.php\/produto\/vaso-ceramica-azul-petroleo-medio-com-tampa-ref-805\/"},"modified":"2021-04-20T16:01:09","modified_gmt":"2021-04-20T19:01:09","slug":"vaso-ceramica-azul-petroleo-medio-com-tampa-ref-805","status":"publish","type":"product","link":"https:\/\/boutiqueeventos.com.br\/site\/produto\/vaso-ceramica-azul-petroleo-medio-com-tampa-ref-805\/","title":{"rendered":"Potiche cer\u00e2mica azul petr\u00f3leo m\u00e9dio base em resina prata &#8211; REF 218786"},"content":{"rendered":"<p>Potiche cer\u00e2mica azul petr\u00f3leo m\u00e9dio base em resina prata<\/p>\n<p>REF 218786<\/p>\n<p>MEDIDAS: (0,50M AL X 0,17M DI\u00c2METRO)<\/p>\n<p>MATERIAL: Cer\u00e2mica e Resina<\/p>\n<p>Cor: Azul petr\u00f3leo e prata<\/p>\n","protected":false},"excerpt":{"rendered":"<p>Potiche cer\u00e2mica azul petr\u00f3leo m\u00e9dio base em resina prata REF 218786 MEDIDAS: (0,50M AL X 0,17M DI\u00c2METRO) MATERIAL: Cer\u00e2mica e Resina Cor: Azul petr\u00f3leo e prata<\/p>\n","protected":false},"featured_media":6822,"comment_status":"closed","ping_status":"closed","template":"","meta":[],"product_cat":[158,187],"product_tag":[],"_links":{"self":[{"href":"https:\/\/boutiqueeventos.com.br\/site\/wp-json\/wp\/v2\/product\/3811"}],"collection":[{"href":"https:\/\/boutiqueeventos.com.br\/site\/wp-json\/wp\/v2\/product"}],"about":[{"href":"https:\/\/boutiqueeventos.com.br\/site\/wp-json\/wp\/v2\/types\/product"}],"replies":[{"embeddable":true,"href":"https:\/\/boutiqueeventos.com.br\/site\/wp-json\/wp\/v2\/comments?post=3811"}],"wp:featuredmedia":[{"embeddable":true,"href":"https:\/\/boutiqueeventos.com.br\/site\/wp-json\/wp\/v2\/media\/6822"}],"wp:attachment":[{"href":"https:\/\/boutiqueeventos.com.br\/site\/wp-json\/wp\/v2\/media?parent=3811"}],"wp:term":[{"taxonomy":"product_cat","embeddable":true,"href":"https:\/\/boutiqueeventos.com.br\/site\/wp-json\/wp\/v2\/product_cat?post=3811"},{"taxonomy":"product_tag","embeddable":true,"href":"https:\/\/boutiqueeventos.com.br\/site\/wp-json\/wp\/v2\/product_tag?post=3811"}],"curies":[{"name":"wp","href":"https:\/\/api.w.org\/{rel}","templated":true}]}}