{"id":3906,"date":"2018-04-16T14:41:22","date_gmt":"2018-04-16T17:41:22","guid":{"rendered":"https:\/\/boutiqueeventos.com.br\/site\/index.php\/produto\/chopeira-decorativa-em-madeira-ref-860\/"},"modified":"2024-02-06T11:25:06","modified_gmt":"2024-02-06T14:25:06","slug":"chopeira-decorativa-em-madeira-ref-860","status":"publish","type":"product","link":"https:\/\/boutiqueeventos.com.br\/site\/produto\/chopeira-decorativa-em-madeira-ref-860\/","title":{"rendered":"M\u00f3vel decorativo para Chopeira &#8211; REF 66369"},"content":{"rendered":"<p>M\u00f3vel decorativo para Chopeira<\/p>\n<p>REF 66369<\/p>\n<p>Acompanha 02 bancadas em madeira de demoli\u00e7\u00e3o e 01 painel em madeira, com 03 perfura\u00e7\u00f5es para torneiras.<\/p>\n<p><strong>N\u00c3O ACOMPANHA M\u00c1QUINA EXTRATORA DE\u00a0 CHOPP, MANGUEIRAS, TORNEIRAS E PINGADEIRAS<\/strong><\/p>\n<p>Painel: 2,20&#215;2,00m (altura x largura)<\/p>\n<p>Bancada frontal com fechamento em madeira: 2,00&#215;0,80&#215;0,50m (comprimento x altura x profundidade)<\/p>\n<p>Bancada traseira sem fechamento em madeira: 2,00&#215;0,80&#215;0,50m (comprimento x altura x profundidade)<\/p>\n<p><strong>OBS: Compat\u00edvel com m\u00e1quina extratora de frente reta ou com bandeja remov\u00edvel, com apenas 01 torneira de sa\u00edda.<\/strong><\/p>\n","protected":false},"excerpt":{"rendered":"<p>M\u00f3vel decorativo para Chopeira REF 66369 Acompanha 02 bancadas em madeira de demoli\u00e7\u00e3o e 01 painel em madeira, com 03 perfura\u00e7\u00f5es para torneiras. N\u00c3O ACOMPANHA M\u00c1QUINA EXTRATORA DE\u00a0 CHOPP, MANGUEIRAS, TORNEIRAS E PINGADEIRAS Painel: 2,20&#215;2,00m (altura x largura) Bancada frontal com fechamento em madeira: 2,00&#215;0,80&#215;0,50m&#8230;<\/p>\n","protected":false},"featured_media":5513,"comment_status":"closed","ping_status":"closed","template":"","meta":[],"product_cat":[134,123,126],"product_tag":[180],"_links":{"self":[{"href":"https:\/\/boutiqueeventos.com.br\/site\/wp-json\/wp\/v2\/product\/3906"}],"collection":[{"href":"https:\/\/boutiqueeventos.com.br\/site\/wp-json\/wp\/v2\/product"}],"about":[{"href":"https:\/\/boutiqueeventos.com.br\/site\/wp-json\/wp\/v2\/types\/product"}],"replies":[{"embeddable":true,"href":"https:\/\/boutiqueeventos.com.br\/site\/wp-json\/wp\/v2\/comments?post=3906"}],"wp:featuredmedia":[{"embeddable":true,"href":"https:\/\/boutiqueeventos.com.br\/site\/wp-json\/wp\/v2\/media\/5513"}],"wp:attachment":[{"href":"https:\/\/boutiqueeventos.com.br\/site\/wp-json\/wp\/v2\/media?parent=3906"}],"wp:term":[{"taxonomy":"product_cat","embeddable":true,"href":"https:\/\/boutiqueeventos.com.br\/site\/wp-json\/wp\/v2\/product_cat?post=3906"},{"taxonomy":"product_tag","embeddable":true,"href":"https:\/\/boutiqueeventos.com.br\/site\/wp-json\/wp\/v2\/product_tag?post=3906"}],"curies":[{"name":"wp","href":"https:\/\/api.w.org\/{rel}","templated":true}]}}