{"id":3914,"date":"2018-05-16T09:36:56","date_gmt":"2018-05-16T12:36:56","guid":{"rendered":"https:\/\/boutiqueeventos.com.br\/site\/index.php\/produto\/castical-de-ceramica-verde-ref-433\/"},"modified":"2021-04-09T16:05:00","modified_gmt":"2021-04-09T19:05:00","slug":"castical-de-ceramica-verde-ref-433","status":"publish","type":"product","link":"https:\/\/boutiqueeventos.com.br\/site\/produto\/castical-de-ceramica-verde-ref-433\/","title":{"rendered":"Casti\u00e7al de cer\u00e2mica verde com al\u00e7a P &#8211; REF 127363"},"content":{"rendered":"<p>Casti\u00e7al de cer\u00e2mica verde P<\/p>\n<p>REF 127363<\/p>\n<p>Material: Cer\u00e2mica<\/p>\n<p>Medida: 0,26 x 0,19 (altura x largura).<\/p>\n","protected":false},"excerpt":{"rendered":"<p>Casti\u00e7al de cer\u00e2mica verde P REF 127363 Material: Cer\u00e2mica Medida: 0,26 x 0,19 (altura x largura).<\/p>\n","protected":false},"featured_media":6406,"comment_status":"closed","ping_status":"closed","template":"","meta":[],"product_cat":[160],"product_tag":[],"_links":{"self":[{"href":"https:\/\/boutiqueeventos.com.br\/site\/wp-json\/wp\/v2\/product\/3914"}],"collection":[{"href":"https:\/\/boutiqueeventos.com.br\/site\/wp-json\/wp\/v2\/product"}],"about":[{"href":"https:\/\/boutiqueeventos.com.br\/site\/wp-json\/wp\/v2\/types\/product"}],"replies":[{"embeddable":true,"href":"https:\/\/boutiqueeventos.com.br\/site\/wp-json\/wp\/v2\/comments?post=3914"}],"wp:featuredmedia":[{"embeddable":true,"href":"https:\/\/boutiqueeventos.com.br\/site\/wp-json\/wp\/v2\/media\/6406"}],"wp:attachment":[{"href":"https:\/\/boutiqueeventos.com.br\/site\/wp-json\/wp\/v2\/media?parent=3914"}],"wp:term":[{"taxonomy":"product_cat","embeddable":true,"href":"https:\/\/boutiqueeventos.com.br\/site\/wp-json\/wp\/v2\/product_cat?post=3914"},{"taxonomy":"product_tag","embeddable":true,"href":"https:\/\/boutiqueeventos.com.br\/site\/wp-json\/wp\/v2\/product_tag?post=3914"}],"curies":[{"name":"wp","href":"https:\/\/api.w.org\/{rel}","templated":true}]}}