{"id":3935,"date":"2018-05-16T09:43:08","date_gmt":"2018-05-16T12:43:08","guid":{"rendered":"https:\/\/boutiqueeventos.com.br\/site\/index.php\/produto\/castical-de-ceramica-verde-g-ref-432\/"},"modified":"2021-04-09T15:58:29","modified_gmt":"2021-04-09T18:58:29","slug":"castical-de-ceramica-verde-g-ref-432","status":"publish","type":"product","link":"https:\/\/boutiqueeventos.com.br\/site\/produto\/castical-de-ceramica-verde-g-ref-432\/","title":{"rendered":"Casti\u00e7al de cer\u00e2mica verde com al\u00e7a G &#8211; REF 57155"},"content":{"rendered":"<p>CASTI\u00c7AL DE CER\u00c2MICA VERDE GRANDE COM AL\u00c7A<\/p>\n<p>REF: 57155<\/p>\n<p>MEDIDAS: 0,30X0,19M (ALTURA X LARGURA)<\/p>\n<p>MATERIAL: CER\u00c2MICA<\/p>\n","protected":false},"excerpt":{"rendered":"<p>CASTI\u00c7AL DE CER\u00c2MICA VERDE GRANDE COM AL\u00c7A REF: 57155 MEDIDAS: 0,30X0,19M (ALTURA X LARGURA) MATERIAL: CER\u00c2MICA<\/p>\n","protected":false},"featured_media":6404,"comment_status":"closed","ping_status":"closed","template":"","meta":[],"product_cat":[160],"product_tag":[],"_links":{"self":[{"href":"https:\/\/boutiqueeventos.com.br\/site\/wp-json\/wp\/v2\/product\/3935"}],"collection":[{"href":"https:\/\/boutiqueeventos.com.br\/site\/wp-json\/wp\/v2\/product"}],"about":[{"href":"https:\/\/boutiqueeventos.com.br\/site\/wp-json\/wp\/v2\/types\/product"}],"replies":[{"embeddable":true,"href":"https:\/\/boutiqueeventos.com.br\/site\/wp-json\/wp\/v2\/comments?post=3935"}],"wp:featuredmedia":[{"embeddable":true,"href":"https:\/\/boutiqueeventos.com.br\/site\/wp-json\/wp\/v2\/media\/6404"}],"wp:attachment":[{"href":"https:\/\/boutiqueeventos.com.br\/site\/wp-json\/wp\/v2\/media?parent=3935"}],"wp:term":[{"taxonomy":"product_cat","embeddable":true,"href":"https:\/\/boutiqueeventos.com.br\/site\/wp-json\/wp\/v2\/product_cat?post=3935"},{"taxonomy":"product_tag","embeddable":true,"href":"https:\/\/boutiqueeventos.com.br\/site\/wp-json\/wp\/v2\/product_tag?post=3935"}],"curies":[{"name":"wp","href":"https:\/\/api.w.org\/{rel}","templated":true}]}}