{"id":3968,"date":"2018-06-19T16:19:38","date_gmt":"2018-06-19T19:19:38","guid":{"rendered":"https:\/\/boutiqueeventos.com.br\/site\/index.php\/produto\/boleira-porta-doce-renda-luxury-rosa-cha-pq-ref-891\/"},"modified":"2021-04-12T15:33:32","modified_gmt":"2021-04-12T18:33:32","slug":"boleira-porta-doce-renda-luxury-rosa-cha-pq-ref-891","status":"publish","type":"product","link":"https:\/\/boutiqueeventos.com.br\/site\/produto\/boleira-porta-doce-renda-luxury-rosa-cha-pq-ref-891\/","title":{"rendered":"BOLEIRA PORTA DOCE RENDA LUXURY ROSA CH\u00c1 PQ REF 284239"},"content":{"rendered":"<p>BOLEIRA PORTA DOCE RENDA LUXURY ROSA CH\u00c1 PQ<\/p>\n<p>REF 284239<\/p>\n<p>Medidas: 12\u00a0 x\u00a0 20cm\u00a0 (altura x di\u00e2metro)<\/p>\n<p>Material: Cer\u00e2mica<\/p>\n<p>Cor: Rosa ch\u00e1<\/p>\n","protected":false},"excerpt":{"rendered":"<p>BOLEIRA PORTA DOCE RENDA LUXURY ROSA CH\u00c1 PQ REF 284239 Medidas: 12\u00a0 x\u00a0 20cm\u00a0 (altura x di\u00e2metro) Material: Cer\u00e2mica Cor: Rosa ch\u00e1<\/p>\n","protected":false},"featured_media":6470,"comment_status":"closed","ping_status":"closed","template":"","meta":[],"product_cat":[181,156],"product_tag":[],"_links":{"self":[{"href":"https:\/\/boutiqueeventos.com.br\/site\/wp-json\/wp\/v2\/product\/3968"}],"collection":[{"href":"https:\/\/boutiqueeventos.com.br\/site\/wp-json\/wp\/v2\/product"}],"about":[{"href":"https:\/\/boutiqueeventos.com.br\/site\/wp-json\/wp\/v2\/types\/product"}],"replies":[{"embeddable":true,"href":"https:\/\/boutiqueeventos.com.br\/site\/wp-json\/wp\/v2\/comments?post=3968"}],"wp:featuredmedia":[{"embeddable":true,"href":"https:\/\/boutiqueeventos.com.br\/site\/wp-json\/wp\/v2\/media\/6470"}],"wp:attachment":[{"href":"https:\/\/boutiqueeventos.com.br\/site\/wp-json\/wp\/v2\/media?parent=3968"}],"wp:term":[{"taxonomy":"product_cat","embeddable":true,"href":"https:\/\/boutiqueeventos.com.br\/site\/wp-json\/wp\/v2\/product_cat?post=3968"},{"taxonomy":"product_tag","embeddable":true,"href":"https:\/\/boutiqueeventos.com.br\/site\/wp-json\/wp\/v2\/product_tag?post=3968"}],"curies":[{"name":"wp","href":"https:\/\/api.w.org\/{rel}","templated":true}]}}