{"id":3971,"date":"2018-06-19T16:21:47","date_gmt":"2018-06-19T19:21:47","guid":{"rendered":"https:\/\/boutiqueeventos.com.br\/site\/index.php\/produto\/boleira-porta-doce-renda-luxury-rosa-cha-gr-ref-890\/"},"modified":"2021-04-12T15:21:40","modified_gmt":"2021-04-12T18:21:40","slug":"boleira-porta-doce-renda-luxury-rosa-cha-gr-ref-890","status":"publish","type":"product","link":"https:\/\/boutiqueeventos.com.br\/site\/produto\/boleira-porta-doce-renda-luxury-rosa-cha-gr-ref-890\/","title":{"rendered":"BOLEIRA PORTA DOCE RENDA LUXURY ROSA CH\u00c1 GR REF 284233"},"content":{"rendered":"<p>BOLEIRA PORTA DOCE RENDA LUXURY ROSA CH\u00c1 GR<\/p>\n<p>REF 284233<\/p>\n<p>Medidas: 14,5\u00a0 x 30 cm (altura x di\u00e2metro)<\/p>\n<p>Material: Cer\u00e2mica<\/p>\n<p>Cor: Rosa ch\u00e1<\/p>\n<p>&nbsp;<\/p>\n","protected":false},"excerpt":{"rendered":"<p>BOLEIRA PORTA DOCE RENDA LUXURY ROSA CH\u00c1 GR REF 284233 Medidas: 14,5\u00a0 x 30 cm (altura x di\u00e2metro) Material: Cer\u00e2mica Cor: Rosa ch\u00e1 &nbsp;<\/p>\n","protected":false},"featured_media":6468,"comment_status":"closed","ping_status":"closed","template":"","meta":[],"product_cat":[181,156],"product_tag":[],"_links":{"self":[{"href":"https:\/\/boutiqueeventos.com.br\/site\/wp-json\/wp\/v2\/product\/3971"}],"collection":[{"href":"https:\/\/boutiqueeventos.com.br\/site\/wp-json\/wp\/v2\/product"}],"about":[{"href":"https:\/\/boutiqueeventos.com.br\/site\/wp-json\/wp\/v2\/types\/product"}],"replies":[{"embeddable":true,"href":"https:\/\/boutiqueeventos.com.br\/site\/wp-json\/wp\/v2\/comments?post=3971"}],"wp:featuredmedia":[{"embeddable":true,"href":"https:\/\/boutiqueeventos.com.br\/site\/wp-json\/wp\/v2\/media\/6468"}],"wp:attachment":[{"href":"https:\/\/boutiqueeventos.com.br\/site\/wp-json\/wp\/v2\/media?parent=3971"}],"wp:term":[{"taxonomy":"product_cat","embeddable":true,"href":"https:\/\/boutiqueeventos.com.br\/site\/wp-json\/wp\/v2\/product_cat?post=3971"},{"taxonomy":"product_tag","embeddable":true,"href":"https:\/\/boutiqueeventos.com.br\/site\/wp-json\/wp\/v2\/product_tag?post=3971"}],"curies":[{"name":"wp","href":"https:\/\/api.w.org\/{rel}","templated":true}]}}