{"id":3995,"date":"2018-06-20T12:10:19","date_gmt":"2018-06-20T15:10:19","guid":{"rendered":"https:\/\/boutiqueeventos.com.br\/site\/index.php\/produto\/suporte-para-doce-mini-cupula-ceramica\/"},"modified":"2021-04-08T16:04:12","modified_gmt":"2021-04-08T19:04:12","slug":"suporte-para-doce-mini-cupula-ceramica","status":"publish","type":"product","link":"https:\/\/boutiqueeventos.com.br\/site\/produto\/suporte-para-doce-mini-cupula-ceramica\/","title":{"rendered":"SUPORTE PARA DOCE MINI C\u00daPULA CER\u00c2MICA REF 283332"},"content":{"rendered":"<p>SUPORTE PARA DOCE MINI C\u00daPULA CER\u00c2MICA BRANCA E VIDRO<\/p>\n<p>REF: 283332<\/p>\n<p>MEDIDAS: 10 X 12,5CM (DI\u00c2METRO X ALTURA)<\/p>\n<p>Material: Cer\u00e2mica e vidro<\/p>\n<p>Cor: Branco<\/p>\n","protected":false},"excerpt":{"rendered":"<p>SUPORTE PARA DOCE MINI C\u00daPULA CER\u00c2MICA BRANCA E VIDRO REF: 283332 MEDIDAS: 10 X 12,5CM (DI\u00c2METRO X ALTURA) Material: Cer\u00e2mica e vidro Cor: Branco<\/p>\n","protected":false},"featured_media":6373,"comment_status":"closed","ping_status":"closed","template":"","meta":[],"product_cat":[181,156],"product_tag":[],"_links":{"self":[{"href":"https:\/\/boutiqueeventos.com.br\/site\/wp-json\/wp\/v2\/product\/3995"}],"collection":[{"href":"https:\/\/boutiqueeventos.com.br\/site\/wp-json\/wp\/v2\/product"}],"about":[{"href":"https:\/\/boutiqueeventos.com.br\/site\/wp-json\/wp\/v2\/types\/product"}],"replies":[{"embeddable":true,"href":"https:\/\/boutiqueeventos.com.br\/site\/wp-json\/wp\/v2\/comments?post=3995"}],"wp:featuredmedia":[{"embeddable":true,"href":"https:\/\/boutiqueeventos.com.br\/site\/wp-json\/wp\/v2\/media\/6373"}],"wp:attachment":[{"href":"https:\/\/boutiqueeventos.com.br\/site\/wp-json\/wp\/v2\/media?parent=3995"}],"wp:term":[{"taxonomy":"product_cat","embeddable":true,"href":"https:\/\/boutiqueeventos.com.br\/site\/wp-json\/wp\/v2\/product_cat?post=3995"},{"taxonomy":"product_tag","embeddable":true,"href":"https:\/\/boutiqueeventos.com.br\/site\/wp-json\/wp\/v2\/product_tag?post=3995"}],"curies":[{"name":"wp","href":"https:\/\/api.w.org\/{rel}","templated":true}]}}