{"id":4034,"date":"2018-06-20T16:04:08","date_gmt":"2018-06-20T19:04:08","guid":{"rendered":"https:\/\/boutiqueeventos.com.br\/site\/index.php\/produto\/regador-ceramica-esmaltado-amarelo-ref-921\/"},"modified":"2021-04-12T16:07:25","modified_gmt":"2021-04-12T19:07:25","slug":"regador-ceramica-esmaltado-amarelo-ref-921","status":"publish","type":"product","link":"https:\/\/boutiqueeventos.com.br\/site\/produto\/regador-ceramica-esmaltado-amarelo-ref-921\/","title":{"rendered":"REGADOR CER\u00c2MICA ESMALTADO AMARELO REF 284262"},"content":{"rendered":"<p>REGADOR CER\u00c2MICA ESMALTADO AMARELO<\/p>\n<p>REF 284262<\/p>\n<p>Medidas: 13 X 11 cm (di\u00e2metro x altura)<\/p>\n<p>Material: Cer\u00e2mica<\/p>\n<p>Cor: Amarelo<\/p>\n","protected":false},"excerpt":{"rendered":"<p>REGADOR CER\u00c2MICA ESMALTADO AMARELO REF 284262 Medidas: 13 X 11 cm (di\u00e2metro x altura) Material: Cer\u00e2mica Cor: Amarelo<\/p>\n","protected":false},"featured_media":6478,"comment_status":"closed","ping_status":"closed","template":"","meta":[],"product_cat":[156],"product_tag":[],"_links":{"self":[{"href":"https:\/\/boutiqueeventos.com.br\/site\/wp-json\/wp\/v2\/product\/4034"}],"collection":[{"href":"https:\/\/boutiqueeventos.com.br\/site\/wp-json\/wp\/v2\/product"}],"about":[{"href":"https:\/\/boutiqueeventos.com.br\/site\/wp-json\/wp\/v2\/types\/product"}],"replies":[{"embeddable":true,"href":"https:\/\/boutiqueeventos.com.br\/site\/wp-json\/wp\/v2\/comments?post=4034"}],"wp:featuredmedia":[{"embeddable":true,"href":"https:\/\/boutiqueeventos.com.br\/site\/wp-json\/wp\/v2\/media\/6478"}],"wp:attachment":[{"href":"https:\/\/boutiqueeventos.com.br\/site\/wp-json\/wp\/v2\/media?parent=4034"}],"wp:term":[{"taxonomy":"product_cat","embeddable":true,"href":"https:\/\/boutiqueeventos.com.br\/site\/wp-json\/wp\/v2\/product_cat?post=4034"},{"taxonomy":"product_tag","embeddable":true,"href":"https:\/\/boutiqueeventos.com.br\/site\/wp-json\/wp\/v2\/product_tag?post=4034"}],"curies":[{"name":"wp","href":"https:\/\/api.w.org\/{rel}","templated":true}]}}