{"id":4229,"date":"2018-10-08T17:06:27","date_gmt":"2018-10-08T20:06:27","guid":{"rendered":"https:\/\/boutiqueeventos.com.br\/site\/index.php\/produto\/cupulas-em-ferro-forradas-em-tecido-ref-987\/"},"modified":"2021-01-28T10:16:54","modified_gmt":"2021-01-28T13:16:54","slug":"cupulas-em-ferro-forradas-em-tecido-ref-987","status":"publish","type":"product","link":"https:\/\/boutiqueeventos.com.br\/site\/produto\/cupulas-em-ferro-forradas-em-tecido-ref-987\/","title":{"rendered":"Lumin\u00e1ria c\u00fapula ferro e linho &#8211; REF 228340"},"content":{"rendered":"<p>C\u00fapulas de ferro forradas em tecido<\/p>\n<p>REF: 228340<\/p>\n<p>MEDIDAS: 70 x 40 x 60cm (altura x di\u00e2metro menor x di\u00e2metro maior)<\/p>\n<p>Material: Estrutura de metal\/forradas em tecido linho cru<\/p>\n<p>OBS: Para forra\u00e7\u00e3o das c\u00fapulas em outras cores e tecidos consultar or\u00e7amento.<\/p>\n","protected":false},"excerpt":{"rendered":"<p>C\u00fapulas de ferro forradas em tecido REF: 228340 MEDIDAS: 70 x 40 x 60cm (altura x di\u00e2metro menor x di\u00e2metro maior) Material: Estrutura de metal\/forradas em tecido linho cru OBS: Para forra\u00e7\u00e3o das c\u00fapulas em outras cores e tecidos consultar or\u00e7amento.<\/p>\n","protected":false},"featured_media":5560,"comment_status":"closed","ping_status":"closed","template":"","meta":[],"product_cat":[137],"product_tag":[],"_links":{"self":[{"href":"https:\/\/boutiqueeventos.com.br\/site\/wp-json\/wp\/v2\/product\/4229"}],"collection":[{"href":"https:\/\/boutiqueeventos.com.br\/site\/wp-json\/wp\/v2\/product"}],"about":[{"href":"https:\/\/boutiqueeventos.com.br\/site\/wp-json\/wp\/v2\/types\/product"}],"replies":[{"embeddable":true,"href":"https:\/\/boutiqueeventos.com.br\/site\/wp-json\/wp\/v2\/comments?post=4229"}],"wp:featuredmedia":[{"embeddable":true,"href":"https:\/\/boutiqueeventos.com.br\/site\/wp-json\/wp\/v2\/media\/5560"}],"wp:attachment":[{"href":"https:\/\/boutiqueeventos.com.br\/site\/wp-json\/wp\/v2\/media?parent=4229"}],"wp:term":[{"taxonomy":"product_cat","embeddable":true,"href":"https:\/\/boutiqueeventos.com.br\/site\/wp-json\/wp\/v2\/product_cat?post=4229"},{"taxonomy":"product_tag","embeddable":true,"href":"https:\/\/boutiqueeventos.com.br\/site\/wp-json\/wp\/v2\/product_tag?post=4229"}],"curies":[{"name":"wp","href":"https:\/\/api.w.org\/{rel}","templated":true}]}}