{"id":4277,"date":"2019-03-26T12:30:53","date_gmt":"2019-03-26T15:30:53","guid":{"rendered":"https:\/\/boutiqueeventos.com.br\/site\/index.php\/produto\/vaso-corrente-indigodourado-grande-ref-43738\/"},"modified":"2021-04-19T17:06:42","modified_gmt":"2021-04-19T20:06:42","slug":"vaso-corrente-indigodourado-grande-ref-43738","status":"publish","type":"product","link":"https:\/\/boutiqueeventos.com.br\/site\/produto\/vaso-corrente-indigodourado-grande-ref-43738\/","title":{"rendered":"Vaso corrente Indigo\/dourado grande &#8211; REF 43738"},"content":{"rendered":"<p>Vaso corrente Indigo\/dourado grande<\/p>\n<p>REF 43738<\/p>\n<p>Medidas: 51x12cm (altura x di\u00e2metro)<\/p>\n<p>Material: Cer\u00e2mica<\/p>\n<p>Cor: Azul \u00edndigo e dourado<\/p>\n","protected":false},"excerpt":{"rendered":"<p>Vaso corrente Indigo\/dourado grande REF 43738 Medidas: 51x12cm (altura x di\u00e2metro) Material: Cer\u00e2mica Cor: Azul \u00edndigo e dourado<\/p>\n","protected":false},"featured_media":6713,"comment_status":"closed","ping_status":"closed","template":"","meta":[],"product_cat":[158,127,176],"product_tag":[183,177],"_links":{"self":[{"href":"https:\/\/boutiqueeventos.com.br\/site\/wp-json\/wp\/v2\/product\/4277"}],"collection":[{"href":"https:\/\/boutiqueeventos.com.br\/site\/wp-json\/wp\/v2\/product"}],"about":[{"href":"https:\/\/boutiqueeventos.com.br\/site\/wp-json\/wp\/v2\/types\/product"}],"replies":[{"embeddable":true,"href":"https:\/\/boutiqueeventos.com.br\/site\/wp-json\/wp\/v2\/comments?post=4277"}],"wp:featuredmedia":[{"embeddable":true,"href":"https:\/\/boutiqueeventos.com.br\/site\/wp-json\/wp\/v2\/media\/6713"}],"wp:attachment":[{"href":"https:\/\/boutiqueeventos.com.br\/site\/wp-json\/wp\/v2\/media?parent=4277"}],"wp:term":[{"taxonomy":"product_cat","embeddable":true,"href":"https:\/\/boutiqueeventos.com.br\/site\/wp-json\/wp\/v2\/product_cat?post=4277"},{"taxonomy":"product_tag","embeddable":true,"href":"https:\/\/boutiqueeventos.com.br\/site\/wp-json\/wp\/v2\/product_tag?post=4277"}],"curies":[{"name":"wp","href":"https:\/\/api.w.org\/{rel}","templated":true}]}}