{"id":4391,"date":"2019-04-08T14:40:12","date_gmt":"2019-04-08T17:40:12","guid":{"rendered":"https:\/\/boutiqueeventos.com.br\/site\/index.php\/produto\/taca-cer-valeria-preta-30x29cm-ref-45209\/"},"modified":"2021-04-20T16:20:37","modified_gmt":"2021-04-20T19:20:37","slug":"taca-cer-valeria-preta-30x29cm-ref-45209","status":"publish","type":"product","link":"https:\/\/boutiqueeventos.com.br\/site\/produto\/taca-cer-valeria-preta-30x29cm-ref-45209\/","title":{"rendered":"Ta\u00e7a cer\u00e2mica Val\u00e9ria preta 30x29cm &#8211; REF 45209"},"content":{"rendered":"<p>Ta\u00e7a cer Val\u00e9ria<\/p>\n<p>REF: 45209<\/p>\n<p>Medidas:\u00a030 x 29cm (altura x largura)<\/p>\n<p>Material: Cer\u00e2mica<\/p>\n<p>Cor: Preta<\/p>\n","protected":false},"excerpt":{"rendered":"<p>Ta\u00e7a cer Val\u00e9ria REF: 45209 Medidas:\u00a030 x 29cm (altura x largura) Material: Cer\u00e2mica Cor: Preta<\/p>\n","protected":false},"featured_media":6832,"comment_status":"closed","ping_status":"closed","template":"","meta":[],"product_cat":[158,176],"product_tag":[],"_links":{"self":[{"href":"https:\/\/boutiqueeventos.com.br\/site\/wp-json\/wp\/v2\/product\/4391"}],"collection":[{"href":"https:\/\/boutiqueeventos.com.br\/site\/wp-json\/wp\/v2\/product"}],"about":[{"href":"https:\/\/boutiqueeventos.com.br\/site\/wp-json\/wp\/v2\/types\/product"}],"replies":[{"embeddable":true,"href":"https:\/\/boutiqueeventos.com.br\/site\/wp-json\/wp\/v2\/comments?post=4391"}],"wp:featuredmedia":[{"embeddable":true,"href":"https:\/\/boutiqueeventos.com.br\/site\/wp-json\/wp\/v2\/media\/6832"}],"wp:attachment":[{"href":"https:\/\/boutiqueeventos.com.br\/site\/wp-json\/wp\/v2\/media?parent=4391"}],"wp:term":[{"taxonomy":"product_cat","embeddable":true,"href":"https:\/\/boutiqueeventos.com.br\/site\/wp-json\/wp\/v2\/product_cat?post=4391"},{"taxonomy":"product_tag","embeddable":true,"href":"https:\/\/boutiqueeventos.com.br\/site\/wp-json\/wp\/v2\/product_tag?post=4391"}],"curies":[{"name":"wp","href":"https:\/\/api.w.org\/{rel}","templated":true}]}}