{"id":4425,"date":"2019-04-12T10:15:07","date_gmt":"2019-04-12T13:15:07","guid":{"rendered":"https:\/\/boutiqueeventos.com.br\/site\/index.php\/produto\/vaso-seine-azul-e-cobre-medio-30x22cm-ref-45622\/"},"modified":"2021-04-19T10:45:51","modified_gmt":"2021-04-19T13:45:51","slug":"vaso-seine-azul-e-cobre-medio-30x22cm-ref-45622","status":"publish","type":"product","link":"https:\/\/boutiqueeventos.com.br\/site\/produto\/vaso-seine-azul-e-cobre-medio-30x22cm-ref-45622\/","title":{"rendered":"Vaso cer\u00e2mica Seine azul e cobre m\u00e9dio &#8211; REF 45622"},"content":{"rendered":"<p>Vaso Seine azul e cobre m\u00e9dio\u00a0 &#8211;<\/p>\n<p>REF 45622<\/p>\n<p>Medidas:\u00a030 x 22cm (altura x largura)<\/p>\n<p>Material: Cer\u00e2mica<\/p>\n<p>Cor: Azul e cobre<\/p>\n","protected":false},"excerpt":{"rendered":"<p>Vaso Seine azul e cobre m\u00e9dio\u00a0 &#8211; REF 45622 Medidas:\u00a030 x 22cm (altura x largura) Material: Cer\u00e2mica Cor: Azul e cobre<\/p>\n","protected":false},"featured_media":6586,"comment_status":"closed","ping_status":"closed","template":"","meta":[],"product_cat":[158,127,176],"product_tag":[],"_links":{"self":[{"href":"https:\/\/boutiqueeventos.com.br\/site\/wp-json\/wp\/v2\/product\/4425"}],"collection":[{"href":"https:\/\/boutiqueeventos.com.br\/site\/wp-json\/wp\/v2\/product"}],"about":[{"href":"https:\/\/boutiqueeventos.com.br\/site\/wp-json\/wp\/v2\/types\/product"}],"replies":[{"embeddable":true,"href":"https:\/\/boutiqueeventos.com.br\/site\/wp-json\/wp\/v2\/comments?post=4425"}],"wp:featuredmedia":[{"embeddable":true,"href":"https:\/\/boutiqueeventos.com.br\/site\/wp-json\/wp\/v2\/media\/6586"}],"wp:attachment":[{"href":"https:\/\/boutiqueeventos.com.br\/site\/wp-json\/wp\/v2\/media?parent=4425"}],"wp:term":[{"taxonomy":"product_cat","embeddable":true,"href":"https:\/\/boutiqueeventos.com.br\/site\/wp-json\/wp\/v2\/product_cat?post=4425"},{"taxonomy":"product_tag","embeddable":true,"href":"https:\/\/boutiqueeventos.com.br\/site\/wp-json\/wp\/v2\/product_tag?post=4425"}],"curies":[{"name":"wp","href":"https:\/\/api.w.org\/{rel}","templated":true}]}}