{"id":4578,"date":"2019-06-11T10:35:51","date_gmt":"2019-06-11T13:35:51","guid":{"rendered":"https:\/\/boutiqueeventos.com.br\/site\/index.php\/produto\/vaso-ceramica-fendi-alto-ref-52098\/"},"modified":"2021-04-20T11:19:14","modified_gmt":"2021-04-20T14:19:14","slug":"vaso-ceramica-fendi-alto-ref-52098","status":"publish","type":"product","link":"https:\/\/boutiqueeventos.com.br\/site\/produto\/vaso-ceramica-fendi-alto-ref-52098\/","title":{"rendered":"Vaso cer\u00e2mica fendi alto &#8211; REF 52098"},"content":{"rendered":"<p>Vaso cer\u00e2mica fendi alto &#8211;<\/p>\n<p>REF 52098<\/p>\n<p>Medidas: 30 x 20cm (alt x di\u00e2metro)<\/p>\n<p>Cor: Fendi<\/p>\n<p>Material: Cer\u00e2mica<\/p>\n","protected":false},"excerpt":{"rendered":"<p>Vaso cer\u00e2mica fendi alto &#8211; REF 52098 Medidas: 30 x 20cm (alt x di\u00e2metro) Cor: Fendi Material: Cer\u00e2mica<\/p>\n","protected":false},"featured_media":6789,"comment_status":"closed","ping_status":"closed","template":"","meta":[],"product_cat":[158,127,176],"product_tag":[],"_links":{"self":[{"href":"https:\/\/boutiqueeventos.com.br\/site\/wp-json\/wp\/v2\/product\/4578"}],"collection":[{"href":"https:\/\/boutiqueeventos.com.br\/site\/wp-json\/wp\/v2\/product"}],"about":[{"href":"https:\/\/boutiqueeventos.com.br\/site\/wp-json\/wp\/v2\/types\/product"}],"replies":[{"embeddable":true,"href":"https:\/\/boutiqueeventos.com.br\/site\/wp-json\/wp\/v2\/comments?post=4578"}],"wp:featuredmedia":[{"embeddable":true,"href":"https:\/\/boutiqueeventos.com.br\/site\/wp-json\/wp\/v2\/media\/6789"}],"wp:attachment":[{"href":"https:\/\/boutiqueeventos.com.br\/site\/wp-json\/wp\/v2\/media?parent=4578"}],"wp:term":[{"taxonomy":"product_cat","embeddable":true,"href":"https:\/\/boutiqueeventos.com.br\/site\/wp-json\/wp\/v2\/product_cat?post=4578"},{"taxonomy":"product_tag","embeddable":true,"href":"https:\/\/boutiqueeventos.com.br\/site\/wp-json\/wp\/v2\/product_tag?post=4578"}],"curies":[{"name":"wp","href":"https:\/\/api.w.org\/{rel}","templated":true}]}}