{"id":4665,"date":"2019-07-18T11:19:15","date_gmt":"2019-07-18T14:19:15","guid":{"rendered":"https:\/\/boutiqueeventos.com.br\/site\/index.php\/produto\/garrafao-rustic-7-lts-medio-ref-60016\/"},"modified":"2021-04-22T11:05:08","modified_gmt":"2021-04-22T14:05:08","slug":"garrafao-rustic-7-lts-medio-ref-60016","status":"publish","type":"product","link":"https:\/\/boutiqueeventos.com.br\/site\/produto\/garrafao-rustic-7-lts-medio-ref-60016\/","title":{"rendered":"Garraf\u00e3o Rustic 7 Lts m\u00e9dio &#8211; REF 60016"},"content":{"rendered":"<p>Garraf\u00e3o Rustic 7 Lts m\u00e9dio &#8211;<\/p>\n<p>REF 60016<\/p>\n<p>Medidas: 45 x 16 (altura x largura)<\/p>\n<p>Material: Vidro<\/p>\n<p>Cor: Transparente<\/p>\n","protected":false},"excerpt":{"rendered":"<p>Garraf\u00e3o Rustic 7 Lts m\u00e9dio &#8211; REF 60016 Medidas: 45 x 16 (altura x largura) Material: Vidro Cor: Transparente<\/p>\n","protected":false},"featured_media":6875,"comment_status":"closed","ping_status":"closed","template":"","meta":[],"product_cat":[187],"product_tag":[],"_links":{"self":[{"href":"https:\/\/boutiqueeventos.com.br\/site\/wp-json\/wp\/v2\/product\/4665"}],"collection":[{"href":"https:\/\/boutiqueeventos.com.br\/site\/wp-json\/wp\/v2\/product"}],"about":[{"href":"https:\/\/boutiqueeventos.com.br\/site\/wp-json\/wp\/v2\/types\/product"}],"replies":[{"embeddable":true,"href":"https:\/\/boutiqueeventos.com.br\/site\/wp-json\/wp\/v2\/comments?post=4665"}],"wp:featuredmedia":[{"embeddable":true,"href":"https:\/\/boutiqueeventos.com.br\/site\/wp-json\/wp\/v2\/media\/6875"}],"wp:attachment":[{"href":"https:\/\/boutiqueeventos.com.br\/site\/wp-json\/wp\/v2\/media?parent=4665"}],"wp:term":[{"taxonomy":"product_cat","embeddable":true,"href":"https:\/\/boutiqueeventos.com.br\/site\/wp-json\/wp\/v2\/product_cat?post=4665"},{"taxonomy":"product_tag","embeddable":true,"href":"https:\/\/boutiqueeventos.com.br\/site\/wp-json\/wp\/v2\/product_tag?post=4665"}],"curies":[{"name":"wp","href":"https:\/\/api.w.org\/{rel}","templated":true}]}}