{"id":4667,"date":"2019-07-18T11:28:13","date_gmt":"2019-07-18T14:28:13","guid":{"rendered":"https:\/\/boutiqueeventos.com.br\/site\/index.php\/produto\/anfora-de-ferro-envelhecido-media-ref-60017\/"},"modified":"2021-04-22T11:27:28","modified_gmt":"2021-04-22T14:27:28","slug":"anfora-de-ferro-envelhecido-media-ref-60017","status":"publish","type":"product","link":"https:\/\/boutiqueeventos.com.br\/site\/produto\/anfora-de-ferro-envelhecido-media-ref-60017\/","title":{"rendered":"\u00c2nfora de ferro envelhecido m\u00e9dia &#8211; REF 60017"},"content":{"rendered":"<p>\u00c2nfora de ferro envelhecido m\u00e9dia &#8211;<\/p>\n<p>REF 60017<\/p>\n<p>Medidas: 41 x 26 (altura x largura)<\/p>\n<p>Material: metal<\/p>\n<p>Cor: Cinza<\/p>\n","protected":false},"excerpt":{"rendered":"<p>\u00c2nfora de ferro envelhecido m\u00e9dia &#8211; REF 60017 Medidas: 41 x 26 (altura x largura) Material: metal Cor: Cinza<\/p>\n","protected":false},"featured_media":6150,"comment_status":"closed","ping_status":"closed","template":"","meta":[],"product_cat":[157,176],"product_tag":[],"_links":{"self":[{"href":"https:\/\/boutiqueeventos.com.br\/site\/wp-json\/wp\/v2\/product\/4667"}],"collection":[{"href":"https:\/\/boutiqueeventos.com.br\/site\/wp-json\/wp\/v2\/product"}],"about":[{"href":"https:\/\/boutiqueeventos.com.br\/site\/wp-json\/wp\/v2\/types\/product"}],"replies":[{"embeddable":true,"href":"https:\/\/boutiqueeventos.com.br\/site\/wp-json\/wp\/v2\/comments?post=4667"}],"wp:featuredmedia":[{"embeddable":true,"href":"https:\/\/boutiqueeventos.com.br\/site\/wp-json\/wp\/v2\/media\/6150"}],"wp:attachment":[{"href":"https:\/\/boutiqueeventos.com.br\/site\/wp-json\/wp\/v2\/media?parent=4667"}],"wp:term":[{"taxonomy":"product_cat","embeddable":true,"href":"https:\/\/boutiqueeventos.com.br\/site\/wp-json\/wp\/v2\/product_cat?post=4667"},{"taxonomy":"product_tag","embeddable":true,"href":"https:\/\/boutiqueeventos.com.br\/site\/wp-json\/wp\/v2\/product_tag?post=4667"}],"curies":[{"name":"wp","href":"https:\/\/api.w.org\/{rel}","templated":true}]}}