{"id":4722,"date":"2019-07-23T11:50:34","date_gmt":"2019-07-23T14:50:34","guid":{"rendered":"https:\/\/boutiqueeventos.com.br\/site\/index.php\/produto\/cachepo-ceramica-branco-esmaltado-n11-ref-60635\/"},"modified":"2021-04-16T16:22:32","modified_gmt":"2021-04-16T19:22:32","slug":"cachepo-ceramica-branco-esmaltado-n11-ref-60635","status":"publish","type":"product","link":"https:\/\/boutiqueeventos.com.br\/site\/produto\/cachepo-ceramica-branco-esmaltado-n11-ref-60635\/","title":{"rendered":"Cachep\u00f4 cer\u00e2mica branco esmaltado n11 &#8211; REF 60635"},"content":{"rendered":"<p>Cachep\u00f4 cer\u00e2mica branco esmaltado n11 &#8211;<\/p>\n<p>REF 60635<\/p>\n<p>Medidas: 9,5 x 14cm (altura x largura)<\/p>\n<p>Material: cer\u00e2mica<\/p>\n<p>Cor: branco<\/p>\n","protected":false},"excerpt":{"rendered":"<p>Cachep\u00f4 cer\u00e2mica branco esmaltado n11 &#8211; REF 60635 Medidas: 9,5 x 14cm (altura x largura) Material: cer\u00e2mica Cor: branco<\/p>\n","protected":false},"featured_media":6487,"comment_status":"closed","ping_status":"closed","template":"","meta":[],"product_cat":[158,156],"product_tag":[],"_links":{"self":[{"href":"https:\/\/boutiqueeventos.com.br\/site\/wp-json\/wp\/v2\/product\/4722"}],"collection":[{"href":"https:\/\/boutiqueeventos.com.br\/site\/wp-json\/wp\/v2\/product"}],"about":[{"href":"https:\/\/boutiqueeventos.com.br\/site\/wp-json\/wp\/v2\/types\/product"}],"replies":[{"embeddable":true,"href":"https:\/\/boutiqueeventos.com.br\/site\/wp-json\/wp\/v2\/comments?post=4722"}],"wp:featuredmedia":[{"embeddable":true,"href":"https:\/\/boutiqueeventos.com.br\/site\/wp-json\/wp\/v2\/media\/6487"}],"wp:attachment":[{"href":"https:\/\/boutiqueeventos.com.br\/site\/wp-json\/wp\/v2\/media?parent=4722"}],"wp:term":[{"taxonomy":"product_cat","embeddable":true,"href":"https:\/\/boutiqueeventos.com.br\/site\/wp-json\/wp\/v2\/product_cat?post=4722"},{"taxonomy":"product_tag","embeddable":true,"href":"https:\/\/boutiqueeventos.com.br\/site\/wp-json\/wp\/v2\/product_tag?post=4722"}],"curies":[{"name":"wp","href":"https:\/\/api.w.org\/{rel}","templated":true}]}}