{"id":5265,"date":"2020-03-02T13:37:37","date_gmt":"2020-03-02T16:37:37","guid":{"rendered":"https:\/\/boutiqueeventos.com.br\/site\/index.php\/produto\/luminaria-pendente-telada-metal-g-ref-138674\/"},"modified":"2021-01-28T10:34:16","modified_gmt":"2021-01-28T13:34:16","slug":"luminaria-pendente-telada-metal-g-ref-138674","status":"publish","type":"product","link":"https:\/\/boutiqueeventos.com.br\/site\/produto\/luminaria-pendente-telada-metal-g-ref-138674\/","title":{"rendered":"Lumin\u00e1ria pendente telada G &#8211; REF 138674"},"content":{"rendered":"<p>Lumin\u00e1ria pendente telada metal G<\/p>\n<p>REF 138674<\/p>\n<p>Material: Metal e l\u00e2mpada<\/p>\n<p>Medidas: 42x17cm (altura x di\u00e2metro) 67cm (comprimento da corrente do pendente)<\/p>\n<p>Obs: Necess\u00e1rio uso de pilhas tipo AA (n\u00e3o incluso)<\/p>\n","protected":false},"excerpt":{"rendered":"<p>Lumin\u00e1ria pendente telada metal G REF 138674 Material: Metal e l\u00e2mpada Medidas: 42x17cm (altura x di\u00e2metro) 67cm (comprimento da corrente do pendente) Obs: Necess\u00e1rio uso de pilhas tipo AA (n\u00e3o incluso)<\/p>\n","protected":false},"featured_media":5346,"comment_status":"closed","ping_status":"closed","template":"","meta":[],"product_cat":[164,137],"product_tag":[],"_links":{"self":[{"href":"https:\/\/boutiqueeventos.com.br\/site\/wp-json\/wp\/v2\/product\/5265"}],"collection":[{"href":"https:\/\/boutiqueeventos.com.br\/site\/wp-json\/wp\/v2\/product"}],"about":[{"href":"https:\/\/boutiqueeventos.com.br\/site\/wp-json\/wp\/v2\/types\/product"}],"replies":[{"embeddable":true,"href":"https:\/\/boutiqueeventos.com.br\/site\/wp-json\/wp\/v2\/comments?post=5265"}],"wp:featuredmedia":[{"embeddable":true,"href":"https:\/\/boutiqueeventos.com.br\/site\/wp-json\/wp\/v2\/media\/5346"}],"wp:attachment":[{"href":"https:\/\/boutiqueeventos.com.br\/site\/wp-json\/wp\/v2\/media?parent=5265"}],"wp:term":[{"taxonomy":"product_cat","embeddable":true,"href":"https:\/\/boutiqueeventos.com.br\/site\/wp-json\/wp\/v2\/product_cat?post=5265"},{"taxonomy":"product_tag","embeddable":true,"href":"https:\/\/boutiqueeventos.com.br\/site\/wp-json\/wp\/v2\/product_tag?post=5265"}],"curies":[{"name":"wp","href":"https:\/\/api.w.org\/{rel}","templated":true}]}}