{"id":5267,"date":"2020-03-02T13:45:16","date_gmt":"2020-03-02T16:45:16","guid":{"rendered":"https:\/\/boutiqueeventos.com.br\/site\/index.php\/produto\/luminaria-pendente-telada-metal-p-ref-138688\/"},"modified":"2021-01-28T10:55:32","modified_gmt":"2021-01-28T13:55:32","slug":"luminaria-pendente-telada-metal-p-ref-138688","status":"publish","type":"product","link":"https:\/\/boutiqueeventos.com.br\/site\/produto\/luminaria-pendente-telada-metal-p-ref-138688\/","title":{"rendered":"Lumin\u00e1ria pendente telada P &#8211; REF 138688"},"content":{"rendered":"<p>Lumin\u00e1ria pendente telada metal P<\/p>\n<p>REF 138688<\/p>\n<p>Material: Metal e l\u00e2mpada<\/p>\n<p>Medidas: 30x18cm (altura x di\u00e2metro) 67cm (comprimento da corrente do pendente)<\/p>\n<p>Obs: Necess\u00e1rio uso de pilhas tipo AA (n\u00e3o incluso)<\/p>\n","protected":false},"excerpt":{"rendered":"<p>Lumin\u00e1ria pendente telada metal P REF 138688 Material: Metal e l\u00e2mpada Medidas: 30x18cm (altura x di\u00e2metro) 67cm (comprimento da corrente do pendente) Obs: Necess\u00e1rio uso de pilhas tipo AA (n\u00e3o incluso)<\/p>\n","protected":false},"featured_media":5344,"comment_status":"closed","ping_status":"closed","template":"","meta":[],"product_cat":[164,137],"product_tag":[],"_links":{"self":[{"href":"https:\/\/boutiqueeventos.com.br\/site\/wp-json\/wp\/v2\/product\/5267"}],"collection":[{"href":"https:\/\/boutiqueeventos.com.br\/site\/wp-json\/wp\/v2\/product"}],"about":[{"href":"https:\/\/boutiqueeventos.com.br\/site\/wp-json\/wp\/v2\/types\/product"}],"replies":[{"embeddable":true,"href":"https:\/\/boutiqueeventos.com.br\/site\/wp-json\/wp\/v2\/comments?post=5267"}],"wp:featuredmedia":[{"embeddable":true,"href":"https:\/\/boutiqueeventos.com.br\/site\/wp-json\/wp\/v2\/media\/5344"}],"wp:attachment":[{"href":"https:\/\/boutiqueeventos.com.br\/site\/wp-json\/wp\/v2\/media?parent=5267"}],"wp:term":[{"taxonomy":"product_cat","embeddable":true,"href":"https:\/\/boutiqueeventos.com.br\/site\/wp-json\/wp\/v2\/product_cat?post=5267"},{"taxonomy":"product_tag","embeddable":true,"href":"https:\/\/boutiqueeventos.com.br\/site\/wp-json\/wp\/v2\/product_tag?post=5267"}],"curies":[{"name":"wp","href":"https:\/\/api.w.org\/{rel}","templated":true}]}}