{"id":5273,"date":"2020-03-02T14:24:39","date_gmt":"2020-03-02T17:24:39","guid":{"rendered":"https:\/\/boutiqueeventos.com.br\/site\/index.php\/produto\/luminaria-pendente-bambu-e-sisal-g-ref-133131\/"},"modified":"2021-01-28T10:35:33","modified_gmt":"2021-01-28T13:35:33","slug":"luminaria-pendente-bambu-e-sisal-g-ref-133131","status":"publish","type":"product","link":"https:\/\/boutiqueeventos.com.br\/site\/produto\/luminaria-pendente-bambu-e-sisal-g-ref-133131\/","title":{"rendered":"Lumin\u00e1ria pendente bamb\u00fa G -REF 133131"},"content":{"rendered":"<p>Lumin\u00e1ria pendente bamb\u00fa e sisal G<\/p>\n<p>REF 133131<\/p>\n<p>Medidas: 40x35cm (altura x di\u00e2metro)<\/p>\n<p>Material: Bamb\u00fa, sisal, metal e l\u00e2mpada de led<\/p>\n<p>OBS: Necess\u00e1rio uso de pilha tipo AA (n\u00e3o incluso)<\/p>\n","protected":false},"excerpt":{"rendered":"<p>Lumin\u00e1ria pendente bamb\u00fa e sisal G REF 133131 Medidas: 40x35cm (altura x di\u00e2metro) Material: Bamb\u00fa, sisal, metal e l\u00e2mpada de led OBS: Necess\u00e1rio uso de pilha tipo AA (n\u00e3o incluso)<\/p>\n","protected":false},"featured_media":5563,"comment_status":"closed","ping_status":"closed","template":"","meta":[],"product_cat":[137],"product_tag":[],"_links":{"self":[{"href":"https:\/\/boutiqueeventos.com.br\/site\/wp-json\/wp\/v2\/product\/5273"}],"collection":[{"href":"https:\/\/boutiqueeventos.com.br\/site\/wp-json\/wp\/v2\/product"}],"about":[{"href":"https:\/\/boutiqueeventos.com.br\/site\/wp-json\/wp\/v2\/types\/product"}],"replies":[{"embeddable":true,"href":"https:\/\/boutiqueeventos.com.br\/site\/wp-json\/wp\/v2\/comments?post=5273"}],"wp:featuredmedia":[{"embeddable":true,"href":"https:\/\/boutiqueeventos.com.br\/site\/wp-json\/wp\/v2\/media\/5563"}],"wp:attachment":[{"href":"https:\/\/boutiqueeventos.com.br\/site\/wp-json\/wp\/v2\/media?parent=5273"}],"wp:term":[{"taxonomy":"product_cat","embeddable":true,"href":"https:\/\/boutiqueeventos.com.br\/site\/wp-json\/wp\/v2\/product_cat?post=5273"},{"taxonomy":"product_tag","embeddable":true,"href":"https:\/\/boutiqueeventos.com.br\/site\/wp-json\/wp\/v2\/product_tag?post=5273"}],"curies":[{"name":"wp","href":"https:\/\/api.w.org\/{rel}","templated":true}]}}